{"id":7,"date":"2014-03-28T15:11:53","date_gmt":"2014-03-28T15:11:53","guid":{"rendered":"http:\/\/cnappes.org\/?page_id=7"},"modified":"2014-03-28T15:11:53","modified_gmt":"2014-03-28T15:11:53","slug":"home","status":"publish","type":"page","link":"https:\/\/cnappes.org\/cnappes-2025\/","title":{"rendered":"Home"},"content":{"rendered":"\n<div style=\"height:40px\" aria-hidden=\"true\" class=\"wp-block-spacer\"><\/div>\n\n\n\n<div class=\"wp-block-columns is-layout-flex wp-container-core-columns-is-layout-1 wp-block-columns-is-layout-flex\">\n<div class=\"wp-block-column is-layout-flow wp-block-column-is-layout-flow\">\n<h2 class=\"wp-block-heading has-text-align-center\" style=\"font-size:16px\"><strong>DATA<\/strong><\/h2>\n\n\n<div class=\"wp-block-image is-resized\">\n<figure class=\"aligncenter size-full\"><img loading=\"lazy\" decoding=\"async\" width=\"81\" height=\"81\" src=\"https:\/\/cnappes.org\/cnappes-2025\/files\/2025\/01\/icones-02.png\" alt=\"\" class=\"wp-image-1410\" \/><\/figure><\/div>\n\n\n<div style=\"height:20px\" aria-hidden=\"true\" class=\"wp-block-spacer\"><\/div>\n\n\n\n<p class=\"has-text-align-center\" style=\"font-size:18px\"><strong>10 e 11 de julho<\/strong><\/p>\n\n\n\n<p class=\"has-text-align-center\" style=\"font-size:18px\"><strong>2025<\/strong><\/p>\n<\/div>\n\n\n\n<div class=\"wp-block-column is-layout-flow wp-block-column-is-layout-flow\">\n<h2 class=\"wp-block-heading has-text-align-center\" style=\"font-size:16px\"><strong>LOCAL<\/strong><\/h2>\n\n\n<div class=\"wp-block-image is-resized\">\n<figure class=\"aligncenter size-full\"><img loading=\"lazy\" decoding=\"async\" width=\"81\" height=\"81\" src=\"https:\/\/cnappes.org\/cnappes-2025\/files\/2025\/01\/icones-03.png\" alt=\"\" class=\"wp-image-1411\" \/><\/figure><\/div>\n\n\n<div style=\"height:20px\" aria-hidden=\"true\" class=\"wp-block-spacer\"><\/div>\n\n\n\n<p class=\"has-text-align-center\" style=\"font-size:18px\"><strong>Universidade<\/strong><\/p>\n\n\n\n<p class=\"has-text-align-center\" style=\"font-size:18px\"><strong>de \u00c9vora<\/strong><\/p>\n<\/div>\n<\/div>\n\n\n\n<div style=\"height:20px\" aria-hidden=\"true\" class=\"wp-block-spacer\"><\/div>\n\n\n\n<hr class=\"wp-block-separator has-css-opacity is-style-wide\" \/>\n\n\n\n<div style=\"height:20px\" aria-hidden=\"true\" class=\"wp-block-spacer\"><\/div>\n\n\n\n<h2 class=\"wp-block-heading has-text-align-center\"><strong>CNaPPES<\/strong><\/h2>\n\n\n\n<p><\/p>\n\n\n\n<p>O CNaPPES \u2013 Congresso Nacional de Pr\u00e1ticas Pedag\u00f3gicas do Ensino Superior, surgiu pela primeira vez em setembro de 2014 com o objetivo de valorizar e promover a excel\u00eancia pedag\u00f3gica no Ensino Superior (universit\u00e1rio e polit\u00e9cnico), e contribuir para a melhoria dos processos de ensino e de aprendizagem, atrav\u00e9s da partilha e dissemina\u00e7\u00e3o de boas pr\u00e1ticas e de aprendizagem com os pares. As avalia\u00e7\u00f5es entretanto recebidas e o entusiasmo gerado refor\u00e7aram junto da Comiss\u00e3o de Programa o desejo de dar continuidade a esta iniciativa.<\/p>\n\n\n\n<p>Desde 2014, anualmente, em julho, o CNaPPES tem sido o pretexto e a oportunidade de encontro entre docentes do ensino universit\u00e1rio e polit\u00e9cnico, de institui\u00e7\u00f5es p\u00fablicas e privadas, das diferentes regi\u00f5es do pa\u00eds e de todos os dom\u00ednios cient\u00edficos. O CNaPPES \u00e9 hoje um marco inolvid\u00e1vel no calend\u00e1rio anual de encontro de docentes e investigadores comprometidos com a reflex\u00e3o em torno das pr\u00e1ticas pedag\u00f3gicas no ensino superior. Ponto de chegada, mas tamb\u00e9m lugar de partida, o CNaPPES tem permitido apresentar, questionar e aprender entre pares atrav\u00e9s da descri\u00e7\u00e3o contextualizada de modos de ensino, aprendizagem e avalia\u00e7\u00e3o de experi\u00eancias pedag\u00f3gicas. Ao mesmo tempo, a partilha entre pares tem tamb\u00e9m inspirado e motivado tanto a novas quest\u00f5es, quanto a busca por respostas que nos fazem querer voltar no ano seguinte.<\/p>\n\n\n\n<p>Depois de j\u00e1 ter passado pelo Porto, Leiria, Lisboa, Set\u00fabal, Braga, Santar\u00e9m, Aveiro, Coimbra e Faro, em 2025 \u00e9 a vez da Universidade de \u00c9vora acolher a 11.\u00aa edi\u00e7\u00e3o do CNaPPES! Fazemo-lo com entusiasmo e elevado sentido de responsabilidade e compromisso. Suscitada por velhos e novos desafios colocados \u00e0s pr\u00e1ticas pedag\u00f3gicas em contexto de ensino superior, a edi\u00e7\u00e3o do CNaPPES deste ano procura alargar a partilha, discuss\u00e3o e reflex\u00e3o cr\u00edtica entre docentes do ensino superior a temas emergentes da IA ou educa\u00e7\u00e3o para a sustentabilidade, ao mesmo tempo que abre espa\u00e7o \u00e0 partilha de temas relevantes nos recentes projetos financiados pelo PRR com foco na inova\u00e7\u00e3o pedag\u00f3gica, como os centros transversais de apoio \u00e0 aprendizagem e ao ensino.<\/p>\n\n\n\n<p>Nos dias que antecedem o CNaPPES ter\u00e1 lugar em \u00c9vora uma reuni\u00e3o do Conselho Nacional para a Inova\u00e7\u00e3o Pedag\u00f3gica no Ensino Superior (CNIPES), com o qual o encontro retirar\u00e1 sinergias. \u00c9 mais uma oportunidade para refletir e promover a inova\u00e7\u00e3o pedag\u00f3gica para docentes do Ensino Superior.<\/p>\n\n\n\n<p>N\u00e3o faltam, por isso, raz\u00f5es para que se juntem a n\u00f3s!<\/p>\n\n\n\n<p>Contamos convosco!<\/p>\n\n\n\n<p>At\u00e9 julho, em \u00c9vora!<\/p>\n\n\n\n<p>A Comiss\u00e3o Organizadora<\/p>\n\n\n\n<p><\/p>\n\n\n\n<div style=\"height:30px\" aria-hidden=\"true\" class=\"wp-block-spacer\"><\/div>\n\n\n\n<div class=\"wp-block-columns is-layout-flex wp-container-core-columns-is-layout-2 wp-block-columns-is-layout-flex\">\n<div class=\"wp-block-column is-layout-flow wp-block-column-is-layout-flow\">\n<p><\/p>\n\n\n\n<p><\/p>\n\n\n\n<p><\/p>\n<\/div>\n\n\n\n<div class=\"wp-block-column is-layout-flow wp-block-column-is-layout-flow\"><\/div>\n<\/div>\n\n\n\n<p class=\"has-text-align-center\"><\/p>\n","protected":false},"excerpt":{"rendered":"<p>DATA 10 e 11 de julho 2025 LOCAL Universidade de \u00c9vora CNaPPES O CNaPPES \u2013 Congresso Nacional de Pr\u00e1ticas Pedag\u00f3gicas do Ensino Superior, surgiu pela primeira vez em setembro de<\/p>\n<div class=\"more-link-container\"> [&hellip;]<\/div>\n<p> <span class=\"more-text\">[+]<\/span><\/p>\n","protected":false},"author":4,"featured_media":0,"parent":0,"menu_order":1,"comment_status":"closed","ping_status":"closed","template":"","meta":{"footnotes":""},"class_list":["post-7","page","type-page","status-publish","hentry"],"_links":{"self":[{"href":"https:\/\/cnappes.org\/cnappes-2025\/wp-json\/wp\/v2\/pages\/7","targetHints":{"allow":["GET"]}}],"collection":[{"href":"https:\/\/cnappes.org\/cnappes-2025\/wp-json\/wp\/v2\/pages"}],"about":[{"href":"https:\/\/cnappes.org\/cnappes-2025\/wp-json\/wp\/v2\/types\/page"}],"author":[{"embeddable":true,"href":"https:\/\/cnappes.org\/cnappes-2025\/wp-json\/wp\/v2\/users\/4"}],"replies":[{"embeddable":true,"href":"https:\/\/cnappes.org\/cnappes-2025\/wp-json\/wp\/v2\/comments?post=7"}],"version-history":[{"count":0,"href":"https:\/\/cnappes.org\/cnappes-2025\/wp-json\/wp\/v2\/pages\/7\/revisions"}],"wp:attachment":[{"href":"https:\/\/cnappes.org\/cnappes-2025\/wp-json\/wp\/v2\/media?parent=7"}],"curies":[{"name":"wp","href":"https:\/\/api.w.org\/{rel}","templated":true}]}}