{"id":19,"date":"2014-03-28T15:12:45","date_gmt":"2014-03-28T15:12:45","guid":{"rendered":"http:\/\/cnappes.org\/?page_id=19"},"modified":"2014-03-28T15:12:45","modified_gmt":"2014-03-28T15:12:45","slug":"contactos","status":"publish","type":"page","link":"https:\/\/cnappes.org\/cnappes-2025\/contactos\/","title":{"rendered":"Informa\u00e7\u00f5es"},"content":{"rendered":"\n<p><strong>CONTACTO<\/strong> <\/p>\n\n\n\n<p>Contacto da Comiss\u00e3o Organizadora: <a href=\"mailto:cnappes25@uevora.pt\">cnappes25@uevora.pt<\/a><\/p>\n\n\n\n<hr class=\"wp-block-separator has-css-opacity\" \/>\n\n\n\n<p><strong>LOCAL DO CONGRESSO<\/strong><\/p>\n\n\n\n<p>Universidade de \u00c9vora<\/p>\n\n\n\n<p>Col\u00e9gio do Esp\u00edrito Santo<\/p>\n\n\n\n<p>R. do Cardeal Rei, 6<\/p>\n\n\n\n<p>7000-645 \u00c9vora<\/p>\n\n\n\n<p><a href=\"https:\/\/maps.app.goo.gl\/bFrbY4VV2n1BdQc99\">https:\/\/maps.app.goo.gl\/bFrbY4VV2n1BdQc99<\/a><\/p>\n\n\n\n<p><\/p>\n\n\n\n<p><\/p>\n\n\n\n<p><\/p>\n\n\n\n<hr class=\"wp-block-separator has-alpha-channel-opacity\" \/>\n\n\n\n<p><strong>COMO CHEGAR<\/strong><\/p>\n\n\n\n<p><a href=\"https:\/\/eur02.safelinks.protection.outlook.com\/?url=https%3A%2F%2Fwww.cm-evora.pt%2Fvisitante%2Fcomo-chegar%2Fde-carro%2F&amp;data=05%7C02%7Crita.cadima%40ipleiria.pt%7C5fa8a9e3c570438cc9d008ddb80db021%7C536b85ada4484186a9afe3ccad3302c5%7C0%7C0%7C638869091497798386%7CUnknown%7CTWFpbGZsb3d8eyJFbXB0eU1hcGkiOnRydWUsIlYiOiIwLjAuMDAwMCIsIlAiOiJXaW4zMiIsIkFOIjoiTWFpbCIsIldUIjoyfQ%3D%3D%7C0%7C%7C%7C&amp;sdata=PX83eGNl48L4HLHC4an24A8XAu4UTqACElit3P1IiiI%3D&amp;reserved=0\">De autom\u00f3vel<\/a><\/p>\n\n\n\n<p><a href=\"https:\/\/eur02.safelinks.protection.outlook.com\/?url=https%3A%2F%2Fwww.cm-evora.pt%2Fvisitante%2Fcomo-chegar%2Ftransportes-publicos-comboio-e-autocarro%2F&amp;data=05%7C02%7Crita.cadima%40ipleiria.pt%7C5fa8a9e3c570438cc9d008ddb80db021%7C536b85ada4484186a9afe3ccad3302c5%7C0%7C0%7C638869091497824202%7CUnknown%7CTWFpbGZsb3d8eyJFbXB0eU1hcGkiOnRydWUsIlYiOiIwLjAuMDAwMCIsIlAiOiJXaW4zMiIsIkFOIjoiTWFpbCIsIldUIjoyfQ%3D%3D%7C0%7C%7C%7C&amp;sdata=7Y8REu992UQ9saAjsGMRW9kxYi4dRgcd6NWcMrbvIcQ%3D&amp;reserved=0\">Transportes P\u00fablicos \u2013 Comboio e Autocarro<\/a><\/p>\n\n\n\n<p><a href=\"https:\/\/eur02.safelinks.protection.outlook.com\/?url=https%3A%2F%2Fwww.cm-evora.pt%2Fvisitante%2Fcomo-chegar%2Fdeslocar-se-em-evora%2F&amp;data=05%7C02%7Crita.cadima%40ipleiria.pt%7C5fa8a9e3c570438cc9d008ddb80db021%7C536b85ada4484186a9afe3ccad3302c5%7C0%7C0%7C638869091497838461%7CUnknown%7CTWFpbGZsb3d8eyJFbXB0eU1hcGkiOnRydWUsIlYiOiIwLjAuMDAwMCIsIlAiOiJXaW4zMiIsIkFOIjoiTWFpbCIsIldUIjoyfQ%3D%3D%7C0%7C%7C%7C&amp;sdata=FEqoTWDkX1pwwTRY2VQs0%2FhA5u8PjqIj5KZ8smr9KmY%3D&amp;reserved=0\">Deslocar-se em \u00c9vora<\/a><\/p>\n\n\n\n<p><a href=\"https:\/\/eur02.safelinks.protection.outlook.com\/?url=https%3A%2F%2Fwww.cm-evora.pt%2Fvisitante%2Fcomo-chegar%2Fonde-estacionar%2F&amp;data=05%7C02%7Crita.cadima%40ipleiria.pt%7C5fa8a9e3c570438cc9d008ddb80db021%7C536b85ada4484186a9afe3ccad3302c5%7C0%7C0%7C638869091497852121%7CUnknown%7CTWFpbGZsb3d8eyJFbXB0eU1hcGkiOnRydWUsIlYiOiIwLjAuMDAwMCIsIlAiOiJXaW4zMiIsIkFOIjoiTWFpbCIsIldUIjoyfQ%3D%3D%7C0%7C%7C%7C&amp;sdata=dOU5TzT5yvrbghiRX1KmlnkJi9rkKQV9hEsg19QzIBc%3D&amp;reserved=0\">Onde estacionar<\/a><\/p>\n\n\n\n<p>O estacionamento na zona envolvente ao Col\u00e9gio do Esp\u00edrito Santo, situado em pleno Centro Hist\u00f3rico de \u00c9vora, \u00e9 tarifado de segunda a sexta, das 08h30 \u00e0s 19h30 e aos s\u00e1bados, das 09h00 \u00e0s 14h00. Existem v\u00e1rias zonas de estacionamento com diferentes tarifas e outras reservadas a residentes.<\/p>\n\n\n\n<p>O estacionamento tarifado pode ser pago no local, atrav\u00e9s dos equipamentos para cobran\u00e7a de estacionamento ou de forma desmaterializada, utilizando as aplica\u00e7\u00f5es da \u201c<a href=\"https:\/\/eur02.safelinks.protection.outlook.com\/?url=https%3A%2F%2Fwww.viaverde.pt%2Fvia-verde%2Fservicos%2Festacionar&amp;data=05%7C02%7Crita.cadima%40ipleiria.pt%7C5fa8a9e3c570438cc9d008ddb80db021%7C536b85ada4484186a9afe3ccad3302c5%7C0%7C0%7C638869091497865720%7CUnknown%7CTWFpbGZsb3d8eyJFbXB0eU1hcGkiOnRydWUsIlYiOiIwLjAuMDAwMCIsIlAiOiJXaW4zMiIsIkFOIjoiTWFpbCIsIldUIjoyfQ%3D%3D%7C0%7C%7C%7C&amp;sdata=NxtBAVuqUWcRYjmrMiGz4guzuTS%2F4X0x721pTcfRKrI%3D&amp;reserved=0\">ViaVerde estacionar<\/a>\u201d e da \u201c<a href=\"https:\/\/eur02.safelinks.protection.outlook.com\/?url=https%3A%2F%2Fdriver.iparque.pt%2F&amp;data=05%7C02%7Crita.cadima%40ipleiria.pt%7C5fa8a9e3c570438cc9d008ddb80db021%7C536b85ada4484186a9afe3ccad3302c5%7C0%7C0%7C638869091497878946%7CUnknown%7CTWFpbGZsb3d8eyJFbXB0eU1hcGkiOnRydWUsIlYiOiIwLjAuMDAwMCIsIlAiOiJXaW4zMiIsIkFOIjoiTWFpbCIsIldUIjoyfQ%3D%3D%7C0%7C%7C%7C&amp;sdata=RanVmPhi4ihGr8MVwgoClvQfFvX%2FKOkQjgwXevOJmzM%3D&amp;reserved=0\">IPARQUE<\/a>\u201d.<\/p>\n\n\n\n<p><a href=\"https:\/\/eur02.safelinks.protection.outlook.com\/?url=https%3A%2F%2Fwww.cm-evora.pt%2Fwp-content%2Fuploads%2F2020%2F06%2Fmapa_parques_estacionamento.pdf&amp;data=05%7C02%7Crita.cadima%40ipleiria.pt%7C5fa8a9e3c570438cc9d008ddb80db021%7C536b85ada4484186a9afe3ccad3302c5%7C0%7C0%7C638869091497905501%7CUnknown%7CTWFpbGZsb3d8eyJFbXB0eU1hcGkiOnRydWUsIlYiOiIwLjAuMDAwMCIsIlAiOiJXaW4zMiIsIkFOIjoiTWFpbCIsIldUIjoyfQ%3D%3D%7C0%7C%7C%7C&amp;sdata=KVo1KD7IB56sDg9L6xvEvR2A63aA%2F6xFnKYOHD7SuVM%3D&amp;reserved=0\">Localiza\u00e7\u00e3o dos Parques de Estacionamento<\/a><\/p>\n\n\n\n<p>O parque de estacionamento gratuito mais perto da Universidade est\u00e1 indicado no <a href=\"https:\/\/eur02.safelinks.protection.outlook.com\/?url=https%3A%2F%2Fwww.cm-evora.pt%2Fwp-content%2Fuploads%2F2020%2F06%2Fmapa_parques_estacionamento.pdf&amp;data=05%7C02%7Crita.cadima%40ipleiria.pt%7C5fa8a9e3c570438cc9d008ddb80db021%7C536b85ada4484186a9afe3ccad3302c5%7C0%7C0%7C638869091497918626%7CUnknown%7CTWFpbGZsb3d8eyJFbXB0eU1hcGkiOnRydWUsIlYiOiIwLjAuMDAwMCIsIlAiOiJXaW4zMiIsIkFOIjoiTWFpbCIsIldUIjoyfQ%3D%3D%7C0%7C%7C%7C&amp;sdata=%2BdwHiTBq6PHGpD0n95XHX%2Fzpn%2FTXLRIHu46voHYH77U%3D&amp;reserved=0\">mapa como P3 \u2013 Parque do PIC<\/a>, fica <a href=\"https:\/\/eur02.safelinks.protection.outlook.com\/?url=https%3A%2F%2Fmaps.app.goo.gl%2F7pMEbJxuEYMVfDjm6&amp;data=05%7C02%7Crita.cadima%40ipleiria.pt%7C5fa8a9e3c570438cc9d008ddb80db021%7C536b85ada4484186a9afe3ccad3302c5%7C0%7C0%7C638869091497931907%7CUnknown%7CTWFpbGZsb3d8eyJFbXB0eU1hcGkiOnRydWUsIlYiOiIwLjAuMDAwMCIsIlAiOiJXaW4zMiIsIkFOIjoiTWFpbCIsIldUIjoyfQ%3D%3D%7C0%7C%7C%7C&amp;sdata=TL3SMjcdO1WNPB7lJiqfgx2I2ooXnQ2E71fGx2CHLkc%3D&amp;reserved=0\">localizado entre a Avenida da Universidade, Avenida Lino de Carvalho e Rua Dr. Ant\u00f3nio Bartolomeu Gromicho<\/a>. Nota: existe um port\u00e3o de acesso ao Col\u00e9gio do Esp\u00edrito Santo na Avenida da Universidade que d\u00e1 acesso quase imediato ao Audit\u00f3rio.<\/p>\n\n\n\n<p><strong>TURISMO<\/strong><\/p>\n\n\n\n<p><a href=\"https:\/\/eur02.safelinks.protection.outlook.com\/?url=https%3A%2F%2Fwww.cm-evora.pt%2Fvisitante%2Fposto-de-turismo%2F&amp;data=05%7C02%7Crita.cadima%40ipleiria.pt%7C5fa8a9e3c570438cc9d008ddb80db021%7C536b85ada4484186a9afe3ccad3302c5%7C0%7C0%7C638869091497946291%7CUnknown%7CTWFpbGZsb3d8eyJFbXB0eU1hcGkiOnRydWUsIlYiOiIwLjAuMDAwMCIsIlAiOiJXaW4zMiIsIkFOIjoiTWFpbCIsIldUIjoyfQ%3D%3D%7C0%7C%7C%7C&amp;sdata=mkflFx%2FS3sOVXcPbHBEZkdzsObk8nHMT92ex%2BgaMqdU%3D&amp;reserved=0\">Informa\u00e7\u00f5es para Visitantes<\/a><\/p>\n\n\n\n<p>Guia de Alojamento&nbsp;<a href=\"https:\/\/eur02.safelinks.protection.outlook.com\/?url=https%3A%2F%2Fwww.cm-evora.pt%2Fwp-content%2Fuploads%2F2020%2F05%2FAlojamento-web.pdf&amp;data=05%7C02%7Crita.cadima%40ipleiria.pt%7C5fa8a9e3c570438cc9d008ddb80db021%7C536b85ada4484186a9afe3ccad3302c5%7C0%7C0%7C638869091497960242%7CUnknown%7CTWFpbGZsb3d8eyJFbXB0eU1hcGkiOnRydWUsIlYiOiIwLjAuMDAwMCIsIlAiOiJXaW4zMiIsIkFOIjoiTWFpbCIsIldUIjoyfQ%3D%3D%7C0%7C%7C%7C&amp;sdata=UA5TqgBWfLJoMPwzqCDJ2XHdcPDiVmfrEy8GNA5t8%2FU%3D&amp;reserved=0\" target=\"_blank\" rel=\"noreferrer noopener\">[download de documento]<\/a><\/p>\n\n\n\n<p>Guia de Restaurantes\/Pastelarias\/Lojas Gourmet&nbsp;<a href=\"https:\/\/eur02.safelinks.protection.outlook.com\/?url=https%3A%2F%2Fwww.cm-evora.pt%2Fwp-content%2Fuploads%2F2020%2F05%2Fguia-03-2018-web.pdf&amp;data=05%7C02%7Crita.cadima%40ipleiria.pt%7C5fa8a9e3c570438cc9d008ddb80db021%7C536b85ada4484186a9afe3ccad3302c5%7C0%7C0%7C638869091497973431%7CUnknown%7CTWFpbGZsb3d8eyJFbXB0eU1hcGkiOnRydWUsIlYiOiIwLjAuMDAwMCIsIlAiOiJXaW4zMiIsIkFOIjoiTWFpbCIsIldUIjoyfQ%3D%3D%7C0%7C%7C%7C&amp;sdata=MF3YcmDw7Lt0yYeFnVY2mH2VrAiUvwN3UenSBCIu6Ys%3D&amp;reserved=0\" target=\"_blank\" rel=\"noreferrer noopener\">[download de documento]<\/a><\/p>\n\n\n\n<p>Planta tur\u00edstica&nbsp;<a href=\"https:\/\/eur02.safelinks.protection.outlook.com\/?url=https%3A%2F%2Fwww.cm-evora.pt%2Fwp-content%2Fuploads%2F2020%2F06%2FMapa-Turistico.pdf&amp;data=05%7C02%7Crita.cadima%40ipleiria.pt%7C5fa8a9e3c570438cc9d008ddb80db021%7C536b85ada4484186a9afe3ccad3302c5%7C0%7C0%7C638869091497986317%7CUnknown%7CTWFpbGZsb3d8eyJFbXB0eU1hcGkiOnRydWUsIlYiOiIwLjAuMDAwMCIsIlAiOiJXaW4zMiIsIkFOIjoiTWFpbCIsIldUIjoyfQ%3D%3D%7C0%7C%7C%7C&amp;sdata=Hs90vWs2wvjGtuKsck%2BTZQhzbnK4bJjUaiEijkU8XAQ%3D&amp;reserved=0\" target=\"_blank\" rel=\"noreferrer noopener\">[download de documento]<\/a><\/p>\n\n\n\n<p>Planta de estacionamento e paragem no centro hist\u00f3rico&nbsp;<a href=\"https:\/\/eur02.safelinks.protection.outlook.com\/?url=https%3A%2F%2Fwww.cm-evora.pt%2Fwp-content%2Fuploads%2F2020%2F05%2FMapacircuitoBus-1.pdf&amp;data=05%7C02%7Crita.cadima%40ipleiria.pt%7C5fa8a9e3c570438cc9d008ddb80db021%7C536b85ada4484186a9afe3ccad3302c5%7C0%7C0%7C638869091497999261%7CUnknown%7CTWFpbGZsb3d8eyJFbXB0eU1hcGkiOnRydWUsIlYiOiIwLjAuMDAwMCIsIlAiOiJXaW4zMiIsIkFOIjoiTWFpbCIsIldUIjoyfQ%3D%3D%7C0%7C%7C%7C&amp;sdata=lghzsCeaddPLM7cB6nT6jwA9yxk5Z%2BmVZO0ywr2%2Bk90%3D&amp;reserved=0\" target=\"_blank\" rel=\"noreferrer noopener\">[download de documento]<\/a><\/p>\n\n\n\n<p>Hor\u00e1rio dos Monumentos &#8211; Portugu\u00eas&nbsp;<a href=\"https:\/\/eur02.safelinks.protection.outlook.com\/?url=https%3A%2F%2Fwww.cm-evora.pt%2Fwp-content%2Fuploads%2F2020%2F05%2FPortugues-Horario2020.pdf&amp;data=05%7C02%7Crita.cadima%40ipleiria.pt%7C5fa8a9e3c570438cc9d008ddb80db021%7C536b85ada4484186a9afe3ccad3302c5%7C0%7C0%7C638869091498012395%7CUnknown%7CTWFpbGZsb3d8eyJFbXB0eU1hcGkiOnRydWUsIlYiOiIwLjAuMDAwMCIsIlAiOiJXaW4zMiIsIkFOIjoiTWFpbCIsIldUIjoyfQ%3D%3D%7C0%7C%7C%7C&amp;sdata=TWuPF2kYrnWxr%2FZtaoAm7KZ%2F9l23UOPjFzyVMoTftZU%3D&amp;reserved=0\" target=\"_blank\" rel=\"noreferrer noopener\">[download de documento]<\/a><\/p>\n\n\n\n<p>Rede de Museus de \u00c9vora&nbsp;<a href=\"https:\/\/eur02.safelinks.protection.outlook.com\/?url=https%3A%2F%2Fwww.cm-evora.pt%2Fwp-content%2Fuploads%2F2020%2F05%2FInfo_RededeMuseus%25C3%2589vora.pdf&amp;data=05%7C02%7Crita.cadima%40ipleiria.pt%7C5fa8a9e3c570438cc9d008ddb80db021%7C536b85ada4484186a9afe3ccad3302c5%7C0%7C0%7C638869091498025544%7CUnknown%7CTWFpbGZsb3d8eyJFbXB0eU1hcGkiOnRydWUsIlYiOiIwLjAuMDAwMCIsIlAiOiJXaW4zMiIsIkFOIjoiTWFpbCIsIldUIjoyfQ%3D%3D%7C0%7C%7C%7C&amp;sdata=UZfN6Yg37cUcuvj%2FiBVovN2%2BAS4yL6mmKSt4FE%2Ba0VU%3D&amp;reserved=0\" target=\"_blank\" rel=\"noreferrer noopener\">[download de documento]<\/a><\/p>\n\n\n\n<p><\/p>\n\n\n\n<hr class=\"wp-block-separator has-alpha-channel-opacity\" \/>\n\n\n\n<p><\/p>\n\n\n\n<hr class=\"wp-block-separator has-alpha-channel-opacity\" \/>\n\n\n\n<p><\/p>\n","protected":false},"excerpt":{"rendered":"<p>CONTACTO Contacto da Comiss\u00e3o Organizadora: cnappes25@uevora.pt LOCAL DO CONGRESSO Universidade de \u00c9vora Col\u00e9gio do Esp\u00edrito Santo R. do Cardeal Rei, 6 7000-645 \u00c9vora https:\/\/maps.app.goo.gl\/bFrbY4VV2n1BdQc99 COMO CHEGAR De autom\u00f3vel Transportes P\u00fablicos<\/p>\n<div class=\"more-link-container\"> [&hellip;]<\/div>\n<p> <span class=\"more-text\">[+]<\/span><\/p>\n","protected":false},"author":4,"featured_media":0,"parent":0,"menu_order":5,"comment_status":"closed","ping_status":"closed","template":"","meta":{"footnotes":""},"class_list":["post-19","page","type-page","status-publish","hentry"],"_links":{"self":[{"href":"https:\/\/cnappes.org\/cnappes-2025\/wp-json\/wp\/v2\/pages\/19","targetHints":{"allow":["GET"]}}],"collection":[{"href":"https:\/\/cnappes.org\/cnappes-2025\/wp-json\/wp\/v2\/pages"}],"about":[{"href":"https:\/\/cnappes.org\/cnappes-2025\/wp-json\/wp\/v2\/types\/page"}],"author":[{"embeddable":true,"href":"https:\/\/cnappes.org\/cnappes-2025\/wp-json\/wp\/v2\/users\/4"}],"replies":[{"embeddable":true,"href":"https:\/\/cnappes.org\/cnappes-2025\/wp-json\/wp\/v2\/comments?post=19"}],"version-history":[{"count":0,"href":"https:\/\/cnappes.org\/cnappes-2025\/wp-json\/wp\/v2\/pages\/19\/revisions"}],"wp:attachment":[{"href":"https:\/\/cnappes.org\/cnappes-2025\/wp-json\/wp\/v2\/media?parent=19"}],"curies":[{"name":"wp","href":"https:\/\/api.w.org\/{rel}","templated":true}]}}