{"id":13,"date":"2014-03-28T15:12:16","date_gmt":"2014-03-28T15:12:16","guid":{"rendered":"http:\/\/cnappes.org\/?page_id=13"},"modified":"2014-03-28T15:12:16","modified_gmt":"2014-03-28T15:12:16","slug":"inscricoes","status":"publish","type":"page","link":"https:\/\/cnappes.org\/cnappes-2025\/inscricoes\/","title":{"rendered":"Inscri\u00e7\u00f5es"},"content":{"rendered":"<h3>\u00a0<\/h3>\n<p><strong>Inscri\u00e7\u00e3o<\/strong><\/p>\n<p>Para proceder \u00e0 sua inscri\u00e7\u00e3o no CNAPPES.25 aceda \u00e0 plataforma de inscri\u00e7\u00f5es e siga os procedimentos indicados.<\/p>\n<p><strong>Acesso \u00e0\u00a0 <a href=\"https:\/\/sge.uevora.pt\/eventos\/ver\/1159\">plataforma<\/a><\/strong><\/p>\n<hr \/>\n<p>Taxa de inscri\u00e7\u00e3o: <strong>\u00a050 euros <\/strong>(Docentes e investigadores)<\/p>\n<p>Data limite para inscri\u00e7\u00e3o: <strong>21 de junho de 2025<\/strong><\/p>\n<p>&nbsp;<\/p>\n<hr \/>\n\n\n<p><strong>Termos e Condi\u00e7\u00f5es<\/strong><br><\/p>\n\n\n\n<p>A apresenta\u00e7\u00e3o de comunica\u00e7\u00f5es no CNaPPES.25 pressup\u00f5e que o autor que apresenta esteja inscrito no congresso. Cada inscrito pode apresentar apenas um trabalho.<br>O cancelamento de inscri\u00e7\u00f5es implica a perda total do valor da taxa de inscri\u00e7\u00e3o, n\u00e3o havendo lugar a reembolso.<\/p>\n","protected":false},"excerpt":{"rendered":"<p>\u00a0 Inscri\u00e7\u00e3o Para proceder \u00e0 sua inscri\u00e7\u00e3o no CNAPPES.25 aceda \u00e0 plataforma de inscri\u00e7\u00f5es e siga os procedimentos indicados. Acesso \u00e0\u00a0 plataforma Taxa de inscri\u00e7\u00e3o: \u00a050 euros (Docentes e investigadores)<\/p>\n<div class=\"more-link-container\"> [&hellip;]<\/div>\n<p> <span class=\"more-text\">[+]<\/span><\/p>\n","protected":false},"author":4,"featured_media":0,"parent":0,"menu_order":3,"comment_status":"closed","ping_status":"closed","template":"","meta":{"footnotes":""},"class_list":["post-13","page","type-page","status-publish","hentry"],"_links":{"self":[{"href":"https:\/\/cnappes.org\/cnappes-2025\/wp-json\/wp\/v2\/pages\/13","targetHints":{"allow":["GET"]}}],"collection":[{"href":"https:\/\/cnappes.org\/cnappes-2025\/wp-json\/wp\/v2\/pages"}],"about":[{"href":"https:\/\/cnappes.org\/cnappes-2025\/wp-json\/wp\/v2\/types\/page"}],"author":[{"embeddable":true,"href":"https:\/\/cnappes.org\/cnappes-2025\/wp-json\/wp\/v2\/users\/4"}],"replies":[{"embeddable":true,"href":"https:\/\/cnappes.org\/cnappes-2025\/wp-json\/wp\/v2\/comments?post=13"}],"version-history":[{"count":0,"href":"https:\/\/cnappes.org\/cnappes-2025\/wp-json\/wp\/v2\/pages\/13\/revisions"}],"wp:attachment":[{"href":"https:\/\/cnappes.org\/cnappes-2025\/wp-json\/wp\/v2\/media?parent=13"}],"curies":[{"name":"wp","href":"https:\/\/api.w.org\/{rel}","templated":true}]}}