{"id":10,"date":"2014-03-28T15:12:05","date_gmt":"2014-03-28T15:12:05","guid":{"rendered":"http:\/\/cnappes.org\/?page_id=10"},"modified":"2014-03-28T15:12:05","modified_gmt":"2014-03-28T15:12:05","slug":"programa","status":"publish","type":"page","link":"https:\/\/cnappes.org\/cnappes-2025\/programa\/","title":{"rendered":"Programa"},"content":{"rendered":"<p>Programa detalhado <a href=\"https:\/\/cnappes.org\/cnappes-2025\/programa\/prg_sessoes_cnappes25_8jul\/\" rel=\"attachment wp-att-1494\">Sess\u00f5es_Paralelas (8.jul)<\/a><\/p>\n<p><a href=\"https:\/\/cnappes.org\/cnappes-2025\/programa\/cnappes25_resumos_documento_de_trabalho_9jul\/\" rel=\"attachment wp-att-1502\">CNaPPES25_LIVRO DE RESUMOS<\/a><\/p>\n<p style=\"padding-left: 40px\">\u00a0<\/p>\n<p><strong>PROGRAMA<\/strong><\/p>\n<p><strong>Quinta-feira, 10 de julho de 2025<\/strong><\/p>\n<p>13:30 \u2013 14:30 | Rece\u00e7\u00e3o dos participantes<\/p>\n<p style=\"text-align: left;padding-left: 40px\">[Audit\u00f3rio]<\/p>\n<p>14:30 \u2013 15:00 | Sess\u00e3o de Abertura<\/p>\n<p style=\"padding-left: 40px\">Cl\u00e1udia Sarrico, Secret\u00e1ria de Estado do Ensino Superior<br \/>Herm\u00ednia Vasconcelos Vilar, Reitora da Universidade de \u00c9vora<br \/>Ana Paula Canavarro, Vice-Reitora para a Educa\u00e7\u00e3o e Inova\u00e7\u00e3o Pedag\u00f3gica da Universidade de \u00c9vora<\/p>\n<p style=\"padding-left: 40px\">[Audit\u00f3rio]<\/p>\n<p style=\"padding-left: 40px\">[Transmiss\u00e3o streaming em <a href=\"https:\/\/videocast.fccn.pt\/live\/aai_uevora\/cnappes25\">https:\/\/videocast.fccn.pt\/live\/aai_uevora\/cnappes25<\/a>]<\/p>\n<p>15:00 \u2013 16:00 | Sess\u00e3o Plen\u00e1ria<\/p>\n<p style=\"padding-left: 40px\">Creating Strategies for Student Success: Provocations to Partnerships<br \/>Luke Millard, Abertay University<\/p>\n<p style=\"padding-left: 40px\">Modera\u00e7\u00e3o por Rita Cadima, Instituto Polit\u00e9cnico de Leiria<\/p>\n<p style=\"padding-left: 40px\">[Audit\u00f3rio]<\/p>\n<p style=\"padding-left: 40px\">[Transmiss\u00e3o streaming em <a href=\"https:\/\/videocast.fccn.pt\/live\/aai_uevora\/cnappes25\">https:\/\/videocast.fccn.pt\/live\/aai_uevora\/cnappes25<\/a>]<\/p>\n<p>16:00 \u2013 16:30 | Pausa para caf\u00e9<\/p>\n<p style=\"padding-left: 40px\">[Piso inferior do Audit\u00f3rio]<\/p>\n<p>16:30 \u2013 17:30 | Sess\u00f5es Paralelas I<\/p>\n<p style=\"padding-left: 40px\">[Ver programa pr\u00f3prio]<\/p>\n<p>17:30 \u2013 18:30 | Sess\u00f5es Paralelas II<\/p>\n<p style=\"padding-left: 40px\">[Ver programa pr\u00f3prio]<\/p>\n<p>18:45 | Alentejo de Honra, cortesia da Funda\u00e7\u00e3o Eug\u00e9nio de Almeida\u00a0<\/p>\n<p style=\"padding-left: 40px\">Recital por Gon\u00e7alo Pescada, Escola de Artes, Universidade de \u00c9vora<\/p>\n<p style=\"padding-left: 40px\">[Claustro dos Gerais]<\/p>\n<p>19h30 | Visita guiada ao Col\u00e9gio do Esp\u00edrito Santo<\/p>\n<p style=\"padding-left: 40px\">[ponto de encontro: Claustro dos Gerais; m\u00e1ximo de 30 pessoas]<\/p>\n<p>&nbsp;<\/p>\n<p>&nbsp;<\/p>\n<p><strong>Sexta-feira, 11 de julho de 2025<\/strong><\/p>\n<p>09:00 \u2013 10:00 | Sess\u00f5es Paralelas III<\/p>\n<p style=\"padding-left: 40px\">[Ver programa pr\u00f3prio]<\/p>\n<p>10:00 \u2013 11:00 | Sess\u00f5es Paralelas IV<\/p>\n<p style=\"padding-left: 40px\">[Ver programa pr\u00f3prio]<\/p>\n<p>11:00 \u2013 11:30 | Pausa para caf\u00e9<\/p>\n<p style=\"padding-left: 40px\">[Sala 124, Sala Jos\u00e9 do Egipto]<\/p>\n<p>11:30 \u2013 12:30 | Sess\u00f5es Paralelas V<\/p>\n<p style=\"padding-left: 40px\">[Ver programa pr\u00f3prio]<\/p>\n<p>12:30 \u2013 14:00 | Pausa para almo\u00e7o<\/p>\n<p style=\"padding-left: 40px\">[Antigo Refeit\u00f3rio, Sala 129]<\/p>\n<p>14:00 \u2013 15:00 | Sess\u00f5es Paralelas VI<\/p>\n<p style=\"padding-left: 40px\">[Ver programa pr\u00f3prio]<\/p>\n<p>15:00 \u2013 16:00 | Palestra Plen\u00e1ria<\/p>\n<p style=\"padding-left: 40px\">O CNIPES no CNaPPES<\/p>\n<p style=\"padding-left: 40px\">Patr\u00edcia Rosado-Pinto, CNIPES, e<\/p>\n<p style=\"padding-left: 40px\">Manuel Jo\u00e3o Costa; CNIPES<\/p>\n<p style=\"padding-left: 40px\">Modera\u00e7\u00e3o por \u00c2ngela Bal\u00e7a, Departamento de Pedagogia e Educa\u00e7\u00e3o da Universidade de \u00c9vora<\/p>\n<p style=\"padding-left: 40px\">[Audit\u00f3rio]<\/p>\n<p style=\"padding-left: 40px\">[Transmiss\u00e3o streaming em <a href=\"https:\/\/videocast.fccn.pt\/live\/aai_uevora\/cnappes25\">https:\/\/videocast.fccn.pt\/live\/aai_uevora\/cnappes25<\/a>]<\/p>\n<p>16:00 | Encerramento<\/p>\n<p style=\"padding-left: 40px\">Comiss\u00e3o Organizadora CNaPPES.25<\/p>\n<p style=\"padding-left: 40px\">[Audit\u00f3rio]<\/p>\n<p style=\"padding-left: 40px\">[Transmiss\u00e3o streaming em <a href=\"https:\/\/videocast.fccn.pt\/live\/aai_uevora\/cnappes25\">https:\/\/videocast.fccn.pt\/live\/aai_uevora\/cnappes25<\/a>]<\/p>\n<hr \/>\n\n\n<hr class=\"wp-block-separator has-css-opacity is-style-wide\" \/>\n\n\n\n<p><strong>ORGANIZA\u00c7\u00c3O:<\/strong><\/p>\n\n\n\n<p>CNaPPES\/Universidade de \u00c9vora<\/p>\n\n\n\n<figure class=\"wp-block-image size-full\"><img loading=\"lazy\" decoding=\"async\" width=\"214\" height=\"219\" src=\"https:\/\/cnappes.org\/cnappes-2025\/files\/2025\/07\/image.png\" alt=\"\" class=\"wp-image-1479\" \/><\/figure>\n\n\n\n<p><a href=\"http:\/\/www.uevora.pt\"><strong><\/strong><\/a><strong><\/strong><\/p>\n\n\n\n<p><strong>APOIOS:<\/strong><\/p>\n\n\n\n<p><a href=\"http:\/\/www.decon.uevora.pt\"><\/a><\/p>\n\n\n\n<figure class=\"wp-block-image size-full\"><img loading=\"lazy\" decoding=\"async\" width=\"265\" height=\"54\" src=\"https:\/\/cnappes.org\/cnappes-2025\/files\/2025\/07\/image-1.png\" alt=\"\" class=\"wp-image-1480\" \/><\/figure>\n\n\n\n<p><strong> &nbsp;<\/strong><img loading=\"lazy\" decoding=\"async\" width=\"2404\" height=\"482\" class=\"wp-image-1499\" style=\"width: 270px\" src=\"https:\/\/cnappes.org\/cnappes-2025\/files\/2025\/07\/Logo_DM.png\" alt=\"\" srcset=\"https:\/\/cnappes.org\/cnappes-2025\/files\/2025\/07\/Logo_DM.png 2404w, https:\/\/cnappes.org\/cnappes-2025\/files\/2025\/07\/Logo_DM-300x60.png 300w, https:\/\/cnappes.org\/cnappes-2025\/files\/2025\/07\/Logo_DM-1024x205.png 1024w, https:\/\/cnappes.org\/cnappes-2025\/files\/2025\/07\/Logo_DM-768x154.png 768w, https:\/\/cnappes.org\/cnappes-2025\/files\/2025\/07\/Logo_DM-1536x308.png 1536w, https:\/\/cnappes.org\/cnappes-2025\/files\/2025\/07\/Logo_DM-2048x411.png 2048w\" sizes=\"auto, (max-width: 2404px) 100vw, 2404px\" \/><\/p>\n\n\n\n<figure class=\"wp-block-image size-medium\"><img loading=\"lazy\" decoding=\"async\" width=\"300\" height=\"60\" src=\"https:\/\/cnappes.org\/cnappes-2025\/files\/2025\/07\/Logo_DPE-300x60.png\" alt=\"\" class=\"wp-image-1500\" srcset=\"https:\/\/cnappes.org\/cnappes-2025\/files\/2025\/07\/Logo_DPE-300x60.png 300w, https:\/\/cnappes.org\/cnappes-2025\/files\/2025\/07\/Logo_DPE-1024x205.png 1024w, https:\/\/cnappes.org\/cnappes-2025\/files\/2025\/07\/Logo_DPE-768x154.png 768w, https:\/\/cnappes.org\/cnappes-2025\/files\/2025\/07\/Logo_DPE-1536x308.png 1536w, https:\/\/cnappes.org\/cnappes-2025\/files\/2025\/07\/Logo_DPE-2048x411.png 2048w\" sizes=\"auto, (max-width: 300px) 100vw, 300px\" \/><\/figure>\n\n\n\n<figure class=\"wp-block-image size-full\"><img loading=\"lazy\" decoding=\"async\" width=\"278\" height=\"57\" src=\"https:\/\/cnappes.org\/cnappes-2025\/files\/2025\/07\/image-2.png\" alt=\"\" class=\"wp-image-1481\" \/><\/figure>\n\n\n\n<figure class=\"wp-block-image size-full\"><img loading=\"lazy\" decoding=\"async\" width=\"295\" height=\"79\" src=\"https:\/\/cnappes.org\/cnappes-2025\/files\/2025\/07\/image-3.png\" alt=\"\" class=\"wp-image-1482\" \/><\/figure>\n\n\n\n<figure class=\"wp-block-image size-medium\"><img loading=\"lazy\" decoding=\"async\" width=\"300\" height=\"134\" src=\"https:\/\/cnappes.org\/cnappes-2025\/files\/2025\/07\/image-4-300x134.png\" alt=\"\" class=\"wp-image-1483\" srcset=\"https:\/\/cnappes.org\/cnappes-2025\/files\/2025\/07\/image-4-300x134.png 300w, https:\/\/cnappes.org\/cnappes-2025\/files\/2025\/07\/image-4.png 388w\" sizes=\"auto, (max-width: 300px) 100vw, 300px\" \/><\/figure>\n\n\n\n<figure class=\"wp-block-image size-medium\"><img loading=\"lazy\" decoding=\"async\" width=\"300\" height=\"98\" src=\"https:\/\/cnappes.org\/cnappes-2025\/files\/2025\/07\/image-5-300x98.png\" alt=\"\" class=\"wp-image-1484\" srcset=\"https:\/\/cnappes.org\/cnappes-2025\/files\/2025\/07\/image-5-300x98.png 300w, https:\/\/cnappes.org\/cnappes-2025\/files\/2025\/07\/image-5.png 381w\" sizes=\"auto, (max-width: 300px) 100vw, 300px\" \/><\/figure>\n\n\n\n<figure class=\"wp-block-image size-medium\"><img decoding=\"async\" src=\"https:\/\/cnappes.org\/cnappes-2025\/files\/2025\/07\/image-6-300x98.png\" alt=\"\" class=\"wp-image-1485\" \/><\/figure>\n\n\n\n<p><a href=\"https:\/\/www.ciep.uevora.pt\/\"><\/a><\/p>\n\n\n\n<p><a href=\"https:\/\/www.cm-evora.pt\/pt\/\"><\/a><\/p>\n\n\n\n<p><a href=\"https:\/\/www.fea.pt\/\"><strong><\/strong><\/a><strong><\/strong><\/p>\n\n\n\n<p><a href=\"https:\/\/www.portoeditora.pt\/\"><\/a><\/p>\n\n\n\n<p><strong>IPI.Sucesso+<\/strong><\/p>\n\n\n\n<p>Inova\u00e7\u00e3o Pedag\u00f3gica e Integra\u00e7\u00e3o para a promo\u00e7\u00e3o do sucesso escolar e redu\u00e7\u00e3o do abandono dos estudantes inscritos no 1.\u00ba ano, pela 1.\u00aa vez<\/p>\n\n\n\n<p>Impulso Mais Digital<br><br>Inova\u00e7\u00e3o e Moderniza\u00e7\u00e3o Pedag\u00f3gica no Ensino Superior<\/p>\n\n\n\n<p>Programa de Promo\u00e7\u00e3o de Sucesso e Redu\u00e7\u00e3o de Abandono Escolar no Ensino Superior<br><br>Aviso n.\u00ba 05\/C06-i07\/2023<\/p>\n\n\n\n<figure class=\"wp-block-image size-medium\"><img decoding=\"async\" src=\"https:\/\/cnappes.org\/cnappes-2025\/files\/2025\/07\/image-7-300x28.png\" alt=\"\" class=\"wp-image-1486\" \/><\/figure>\n","protected":false},"excerpt":{"rendered":"<p>Programa detalhado Sess\u00f5es_Paralelas (8.jul) CNaPPES25_LIVRO DE RESUMOS \u00a0 PROGRAMA Quinta-feira, 10 de julho de 2025 13:30 \u2013 14:30 | Rece\u00e7\u00e3o dos participantes [Audit\u00f3rio] 14:30 \u2013 15:00 | Sess\u00e3o de Abertura<\/p>\n<div class=\"more-link-container\"> [&hellip;]<\/div>\n<p> <span class=\"more-text\">[+]<\/span><\/p>\n","protected":false},"author":4,"featured_media":0,"parent":0,"menu_order":2,"comment_status":"closed","ping_status":"closed","template":"","meta":{"footnotes":""},"class_list":["post-10","page","type-page","status-publish","hentry"],"_links":{"self":[{"href":"https:\/\/cnappes.org\/cnappes-2025\/wp-json\/wp\/v2\/pages\/10","targetHints":{"allow":["GET"]}}],"collection":[{"href":"https:\/\/cnappes.org\/cnappes-2025\/wp-json\/wp\/v2\/pages"}],"about":[{"href":"https:\/\/cnappes.org\/cnappes-2025\/wp-json\/wp\/v2\/types\/page"}],"author":[{"embeddable":true,"href":"https:\/\/cnappes.org\/cnappes-2025\/wp-json\/wp\/v2\/users\/4"}],"replies":[{"embeddable":true,"href":"https:\/\/cnappes.org\/cnappes-2025\/wp-json\/wp\/v2\/comments?post=10"}],"version-history":[{"count":0,"href":"https:\/\/cnappes.org\/cnappes-2025\/wp-json\/wp\/v2\/pages\/10\/revisions"}],"wp:attachment":[{"href":"https:\/\/cnappes.org\/cnappes-2025\/wp-json\/wp\/v2\/media?parent=10"}],"curies":[{"name":"wp","href":"https:\/\/api.w.org\/{rel}","templated":true}]}}