{"id":7,"date":"2014-03-28T15:11:53","date_gmt":"2014-03-28T15:11:53","guid":{"rendered":"http:\/\/cnappes.org\/?page_id=7"},"modified":"2014-03-28T15:11:53","modified_gmt":"2014-03-28T15:11:53","slug":"home","status":"publish","type":"page","link":"https:\/\/cnappes.org\/cnappes-2024\/","title":{"rendered":"Home"},"content":{"rendered":"\n<div style=\"height:40px\" aria-hidden=\"true\" class=\"wp-block-spacer\"><\/div>\n\n\n\n<div class=\"wp-block-columns is-layout-flex wp-container-core-columns-is-layout-1 wp-block-columns-is-layout-flex\">\n<div class=\"wp-block-column is-layout-flow wp-block-column-is-layout-flow\">\n<h2 class=\"wp-block-heading has-text-align-center\" style=\"font-size:16px\"><strong>DATA<\/strong><\/h2>\n\n\n<div class=\"wp-block-image is-resized\">\n<figure class=\"aligncenter size-full\"><img loading=\"lazy\" decoding=\"async\" width=\"81\" height=\"81\" src=\"https:\/\/cnappes.org\/cnappes-2024\/files\/2024\/01\/icones-02.png\" alt=\"\" class=\"wp-image-1292\" \/><\/figure><\/div>\n\n\n<div style=\"height:20px\" aria-hidden=\"true\" class=\"wp-block-spacer\"><\/div>\n\n\n\n<p class=\"has-text-align-center\" style=\"font-size:18px\"><strong>8 e 9 de julho de 2024<\/strong><\/p>\n<\/div>\n\n\n\n<div class=\"wp-block-column is-layout-flow wp-block-column-is-layout-flow\">\n<h2 class=\"wp-block-heading has-text-align-center\" style=\"font-size:16px\"><strong>LOCAL<\/strong><\/h2>\n\n\n<div class=\"wp-block-image is-resized\">\n<figure class=\"aligncenter size-full\"><img loading=\"lazy\" decoding=\"async\" width=\"81\" height=\"81\" src=\"https:\/\/cnappes.org\/cnappes-2024\/files\/2024\/01\/icones-03.png\" alt=\"\" class=\"wp-image-1293\" \/><\/figure><\/div>\n\n\n<div style=\"height:20px\" aria-hidden=\"true\" class=\"wp-block-spacer\"><\/div>\n\n\n\n<p class=\"has-text-align-center\" style=\"font-size:18px\"><strong>ISCAP<\/strong><br><strong>Polit\u00e9cnico do Porto<\/strong><\/p>\n<\/div>\n<\/div>\n\n\n\n<div style=\"height:20px\" aria-hidden=\"true\" class=\"wp-block-spacer\"><\/div>\n\n\n\n<hr class=\"wp-block-separator has-css-opacity is-style-wide\" \/>\n\n\n\n<div style=\"height:20px\" aria-hidden=\"true\" class=\"wp-block-spacer\"><\/div>\n\n\n\n<h2 class=\"wp-block-heading has-text-align-center\"><strong>CNaPPES<\/strong><\/h2>\n\n\n\n<p class=\"has-text-align-center\"><\/p>\n\n\n\n<p>Sejam bem-vindos ao CNaPPES 2024! Este ano voltamos ao Porto, para comemorar o nosso 10\u00ba anivers\u00e1rio. Um agradecimento especial \u00e0 Universidade do Porto que nos lan\u00e7ou e ao Polit\u00e9cnico do Porto que, agora, nos recebe.<\/p>\n\n\n\n<p>Com este Congresso, fecha-se um ciclo de dez anos de troca de experi\u00eancias e de debates e, o que come\u00e7ou a medo e um pouco titubeante, \u00e9 hoje um acontecimento bem instalado no quotidiano de todos n\u00f3s. Todos os anos, normalmente em julho, rumamos a uma das nossas institui\u00e7\u00f5es, levamos na bagagem uma pr\u00e1tica pedag\u00f3gica para partilhar com os colegas e, na maior parte das vezes, muitas perguntas para fazer.<\/p>\n\n\n\n<p>Passados dez anos, \u00e9 o momento para fazermos balan\u00e7os, retemperarmos as for\u00e7as e iniciarmos um novo ciclo. Decidimos, por conseguinte, homenagear quem nos desafiou para esta aventura e dedicar uma parte do nosso encontro \u00e0 reflex\u00e3o sobre n\u00f3s pr\u00f3prios \u2013 quantos somos, a que institui\u00e7\u00f5es pertencemos, que temas nos t\u00eam preocupado. At\u00e9 aqui temo-nos ocupado, sobretudo, com a realiza\u00e7\u00e3o dos nossos encontros e com a estabiliza\u00e7\u00e3o do nosso projeto. \u00c9, agora, necess\u00e1rio olhar para dentro e refletir sobre o caminho para a frente.<\/p>\n\n\n\n<p>Continuamos a acreditar no modelo escolhido \u2013 docentes do Ensino Superior (Universidades e Polit\u00e9cnicos), de institui\u00e7\u00f5es p\u00fablicas e privadas, de todas as zonas do pa\u00eds e de todas os dom\u00ednios cient\u00edficos, re\u00fanem-se para falar do seu ensino e da aprendizagem dos estudantes, com uma \u00fanica preocupa\u00e7\u00e3o, a de aprender uns com os outros atrav\u00e9s da descri\u00e7\u00e3o contextualizada e avaliada das suas pr\u00e1ticas pedag\u00f3gicas. Ajudamo-nos mutuamente e aprendemos com a experi\u00eancia e os conselhos dos outros.<\/p>\n\n\n\n<p>Concretamente, e neste CNaPPES 2024, manteremos o nosso formato habitual, com palestra inspiradora e, sobretudo, com as nossas sess\u00f5es paralelas, este ano com mais tempo para discuss\u00e3o, para responder ao que nos t\u00eam vindo a dizer as vossas avalia\u00e7\u00f5es, ap\u00f3s cada encontro.<\/p>\n\n\n\n<p>Uma \u00faltima palavra de agradecimento para o ISCAP e para toda a equipa que, generosamente, nos recebe com a simpatia e o profissionalismo de sempre.<\/p>\n\n\n\n<p>At\u00e9 julho!<\/p>\n\n\n\n<p>A Comiss\u00e3o Coordenadora<\/p>\n\n\n\n<div style=\"height:30px\" aria-hidden=\"true\" class=\"wp-block-spacer\"><\/div>\n\n\n\n<div class=\"wp-block-columns is-layout-flex wp-container-core-columns-is-layout-2 wp-block-columns-is-layout-flex\">\n<div class=\"wp-block-column is-layout-flow wp-block-column-is-layout-flow\">\n<p><\/p>\n\n\n\n<p><\/p>\n\n\n\n<p><\/p>\n<\/div>\n\n\n\n<div class=\"wp-block-column is-layout-flow wp-block-column-is-layout-flow\"><\/div>\n<\/div>\n\n\n\n<p class=\"has-text-align-center\"><\/p>\n","protected":false},"excerpt":{"rendered":"<p>DATA 8 e 9 de julho de 2024 LOCAL ISCAPPolit\u00e9cnico do Porto CNaPPES Sejam bem-vindos ao CNaPPES 2024! Este ano voltamos ao Porto, para comemorar o nosso 10\u00ba anivers\u00e1rio. Um<\/p>\n<div class=\"more-link-container\"> [&hellip;]<\/div>\n<p> <span class=\"more-text\">[+]<\/span><\/p>\n","protected":false},"author":91,"featured_media":0,"parent":0,"menu_order":1,"comment_status":"closed","ping_status":"closed","template":"","meta":{"footnotes":""},"class_list":["post-7","page","type-page","status-publish","hentry"],"_links":{"self":[{"href":"https:\/\/cnappes.org\/cnappes-2024\/wp-json\/wp\/v2\/pages\/7","targetHints":{"allow":["GET"]}}],"collection":[{"href":"https:\/\/cnappes.org\/cnappes-2024\/wp-json\/wp\/v2\/pages"}],"about":[{"href":"https:\/\/cnappes.org\/cnappes-2024\/wp-json\/wp\/v2\/types\/page"}],"author":[{"embeddable":true,"href":"https:\/\/cnappes.org\/cnappes-2024\/wp-json\/wp\/v2\/users\/91"}],"replies":[{"embeddable":true,"href":"https:\/\/cnappes.org\/cnappes-2024\/wp-json\/wp\/v2\/comments?post=7"}],"version-history":[{"count":0,"href":"https:\/\/cnappes.org\/cnappes-2024\/wp-json\/wp\/v2\/pages\/7\/revisions"}],"wp:attachment":[{"href":"https:\/\/cnappes.org\/cnappes-2024\/wp-json\/wp\/v2\/media?parent=7"}],"curies":[{"name":"wp","href":"https:\/\/api.w.org\/{rel}","templated":true}]}}