{"id":265,"date":"2015-07-02T09:45:28","date_gmt":"2015-07-02T08:45:28","guid":{"rendered":"http:\/\/cnappes.org\/?page_id=265"},"modified":"2025-03-05T17:17:19","modified_gmt":"2025-03-05T17:17:19","slug":"apresentacoes","status":"publish","type":"page","link":"https:\/\/cnappes.org\/cnappes-2024\/apresentacoes\/","title":{"rendered":"Trabalhos"},"content":{"rendered":"<h4>Livro de atas<\/h4>\n<p><a href=\"https:\/\/edicoes.ipp.pt\/index.php\/books\/catalog\/book\/133\">Livro_Atas_CNaPPES24<\/a><\/p>\n<h4>\u00a0<\/h4>\n<h4>Livro de resumos<\/h4>\n<p><a href=\"https:\/\/cnappes.org\/programa\/livro_resumos_cnappes24\/\" rel=\"attachment wp-att-1384\">Livro_Resumos_cnappes24<\/a><\/p>\n<p>&nbsp;<\/p>\n\n\n<hr class=\"wp-block-separator has-css-opacity\"\/>\n\n\n\n<h4 class=\"wp-block-heading\">Submiss\u00e3o de artigos para Livro de Atas<\/h4>\n\n\n\n<p>Todos os participantes do CNaPPES.24 que pretenderem ver os seus trabalhos publicados no Livro de Atas do CNaPPES.24 (e-book), devem enviar os artigos at\u00e9 ao dia <strong>20 de outubro de 2024<\/strong>.<\/p>\n\n\n\n<p><\/p>\n\n\n\n<p>&#8211; Na submiss\u00e3o de artigos completos elaborados a partir dos resumos aceites deve ser usado o template <a href=\"https:\/\/cnappes.org\/apresentacoes\/template_artigo_cnappes24\/\">Template_Artigo_CNaPPES24<\/a> . <\/p>\n\n\n\n<p>&#8211; O limite \u00e9 de 8 p\u00e1ginas (incluindo figuras\/tabelas e refer\u00eancias bibliogr\u00e1ficas).<\/p>\n\n\n\n<p>&#8211; A formata\u00e7\u00e3o das figuras, das tabelas e das refer\u00eancias bibliogr\u00e1ficas dever\u00e1 seguir as normas APA 7\u00aa Edi\u00e7\u00e3o.<\/p>\n\n\n\n<p>&#8211; O artigo deve estar escrito em portugu\u00eas.<\/p>\n\n\n\n<p>&#8211; Os artigos devem ser submetidos na plataforma usada na submiss\u00e3o dos resumos. <\/p>\n\n\n\n<p>&#8211; &#8211; &#8211; &#8211; &#8211; &#8211; &#8211; &#8211; <\/p>\n\n\n\n<p><strong>Carregamento do texto na plataforma CMT<\/strong><\/p>\n\n\n\n<ul class=\"wp-block-list\">\n<li>Aceder \u00e0 plataforma atrav\u00e9s do link: <a href=\"https:\/\/eur02.safelinks.protection.outlook.com\/?url=https%3A%2F%2Fcmt3.research.microsoft.com%2FCNaPPES2024%2F&amp;data=05%7C02%7Crita.cadima%40ipleiria.pt%7C95118a1e943d4f9cb49208dccd93fde9%7C536b85ada4484186a9afe3ccad3302c5%7C0%7C0%7C638611283423664118%7CUnknown%7CTWFpbGZsb3d8eyJWIjoiMC4wLjAwMDAiLCJQIjoiV2luMzIiLCJBTiI6Ik1haWwiLCJXVCI6Mn0%3D%7C0%7C%7C%7C&amp;sdata=6w8m7tV3EWhHNljn%2Fo9D6Mv3bifzvEAaF7Mp5j0ciIc%3D&amp;reserved=0\" target=\"_blank\" rel=\"noreferrer noopener\">https:\/\/cmt3.research.microsoft.com\/CNaPPES2024\/<\/a><\/li>\n\n\n\n<li>Na proposta submetida ao CNaPPES.24 deve ser inserido o artigo clicando em &#8220;Create Camera Ready Submission&#8221;.<\/li>\n\n\n\n<li>Devem ser depois preenchidos os campos obrigat\u00f3rios e realizado o &#8220;upload&#8221; do ficheiro em formato doc. ou docx.<\/li>\n<\/ul>\n","protected":false},"excerpt":{"rendered":"<p>Livro de atas Livro_Atas_CNaPPES24 \u00a0 Livro de resumos Livro_Resumos_cnappes24 &nbsp; Submiss\u00e3o de artigos para Livro de Atas Todos os participantes do CNaPPES.24 que pretenderem ver os seus trabalhos publicados no<\/p>\n<div class=\"more-link-container\"> [&hellip;]<\/div>\n<p> <span class=\"more-text\">[+]<\/span><\/p>\n","protected":false},"author":91,"featured_media":0,"parent":0,"menu_order":0,"comment_status":"closed","ping_status":"closed","template":"","meta":{"footnotes":""},"class_list":["post-265","page","type-page","status-publish","hentry"],"_links":{"self":[{"href":"https:\/\/cnappes.org\/cnappes-2024\/wp-json\/wp\/v2\/pages\/265","targetHints":{"allow":["GET"]}}],"collection":[{"href":"https:\/\/cnappes.org\/cnappes-2024\/wp-json\/wp\/v2\/pages"}],"about":[{"href":"https:\/\/cnappes.org\/cnappes-2024\/wp-json\/wp\/v2\/types\/page"}],"author":[{"embeddable":true,"href":"https:\/\/cnappes.org\/cnappes-2024\/wp-json\/wp\/v2\/users\/91"}],"replies":[{"embeddable":true,"href":"https:\/\/cnappes.org\/cnappes-2024\/wp-json\/wp\/v2\/comments?post=265"}],"version-history":[{"count":1,"href":"https:\/\/cnappes.org\/cnappes-2024\/wp-json\/wp\/v2\/pages\/265\/revisions"}],"predecessor-version":[{"id":1405,"href":"https:\/\/cnappes.org\/cnappes-2024\/wp-json\/wp\/v2\/pages\/265\/revisions\/1405"}],"wp:attachment":[{"href":"https:\/\/cnappes.org\/cnappes-2024\/wp-json\/wp\/v2\/media?parent=265"}],"curies":[{"name":"wp","href":"https:\/\/api.w.org\/{rel}","templated":true}]}}