{"id":16,"date":"2014-03-28T15:12:32","date_gmt":"2014-03-28T15:12:32","guid":{"rendered":"http:\/\/cnappes.org\/?page_id=16"},"modified":"2014-03-28T15:12:32","modified_gmt":"2014-03-28T15:12:32","slug":"organizacao","status":"publish","type":"page","link":"https:\/\/cnappes.org\/cnappes-2023\/organizacao\/","title":{"rendered":"Organiza\u00e7\u00e3o"},"content":{"rendered":"<p>O CNaPPES, Congresso Nacional de Pr\u00e1ticas Pedag\u00f3gicas no Ensino Superior, teve in\u00edcio em 2014, com o incentivo do ent\u00e3o Secret\u00e1rio de Estado do Ensino Superior e da Ci\u00eancia, Professor Ferreira Gomes. Criou-se ent\u00e3o um grupo de trabalho, com docentes provenientes de diferentes institui\u00e7\u00f5es do ensino superior (Universidades e Polit\u00e9cnicos), para promover um encontro anual de docentes com o objetivo central, que se tem mantido, de partilhar e disseminar pr\u00e1ticas pedag\u00f3gicas em curso nas institui\u00e7\u00f5es de ensino superior portuguesas. Mais importante ainda, este encontro, pela discuss\u00e3o franca dos resultados obtidos, deveria promover a aplica\u00e7\u00e3o das boas pr\u00e1ticas a novos e diferentes contextos.<\/p>\n<p>Assim, no CNaPPES estabeleceu-se que cada experi\u00eancia relatada assentaria num quadro te\u00f3rico de refer\u00eancia e num contexto educacional espec\u00edfico, para a qual deveria ser apresentada uma descri\u00e7\u00e3o detalhada da pr\u00e1tica pedag\u00f3gica, bem como os dados de avalia\u00e7\u00e3o da mesma. Estes requisitos provaram ser essenciais para que estas experi\u00eancias pudessem ser transferidas para outros contextos e dessem origem a novas pr\u00e1ticas e a novos relatos.<\/p>\n<p><strong>Comiss\u00e3o Coordenadora<\/strong><\/p>\n<p>Patr\u00edcia Rosado Pinto | Universidade Nova de Lisboa<\/p>\n<p>Jos\u00e9 Fernando Oliveira | Universidade do Porto<\/p>\n<p>Fernando Remi\u00e3o | Universidade do Porto<\/p>\n<p>Rita Cadima | Polit\u00e9cnico de Leiria<\/p>\n<p>Lu\u00eds Castro | Universidade de Lisboa<\/p>\n<p>Fernando Almeida | Polit\u00e9cnico de Set\u00fabal<\/p>\n<p>Manuel Jo\u00e3o Costa | Universidade do Minho<\/p>\n<p>Sandra Soares | Universidade de Aveiro<\/p>\n<p>Maria C\u00e9u Carrageta | Escola Superior de Enfermagem de Coimbra<\/p>\n<p>Eduardo Esteves | Universidade do Algarve<\/p>\n<hr \/>\n<p><strong>Comiss\u00e3o de Programa<\/strong><\/p>\n<p>Alice Bastos | Polit\u00e9cnico de Viana do Castelo<\/p>\n<p>Ana Coelho | Universidade do Algarve\u00a0<\/p>\n<p>Ana Freitas | Universidade do Porto<\/p>\n<p>Ana Mendon\u00e7a | Universidade do Algarve<\/p>\n<p>Ana Mouraz | Universidade Aberta<\/p>\n<p>\u00c2ngelo Martins | Polit\u00e9cnico do Porto<\/p>\n<p>Ant\u00f3nio Faustino |\u00a0 Polit\u00e9cnico de Castelo Branco<\/p>\n<p>Ant\u00f3nio Nogueira | Universidade de Aveiro<\/p>\n<p>Carla Nascimento | Escola Superior de Enfermagem de Lisboa<\/p>\n<p>Carla Gon\u00e7alves | Universidade do Algarve<\/p>\n<p>Cristina Albuquerque | Universidade de Coimbra<\/p>\n<p>Dina Seabra | Universidade de Aveiro<\/p>\n<p>Domingos Fernandes | Universidade de Lisboa<\/p>\n<p>Fl\u00e1via Vieira | Universidade do Minho<\/p>\n<p>Georgette Andraz | Universidade do Algarve<\/p>\n<p>Gl\u00f3ria Bastos | Universidade Aberta<\/p>\n<p>Helena Pimentel | Polit\u00e9cnico de Bragan\u00e7a<\/p>\n<p>Helena S\u00e1 | Universidade de Aveiro<\/p>\n<p>Helena Quintas | Universidade do Algarve<\/p>\n<p>In\u00eas Ara\u00fajo | Universidade do Algarve<\/p>\n<p>Isabel Alves | Universidade de Tr\u00e1s-os-Montes e Alto Douro<\/p>\n<p>Isabel Gon\u00e7alves | Universidade de Lisboa<\/p>\n<p>Isabel Neto | Universidade da Beira Interior<\/p>\n<p>Isabel Pereira | Polit\u00e9cnico de Leiria<\/p>\n<p>Jaime An\u00edbal | Universidade do Algarve<\/p>\n<p>Joana Soares | Universidade de Lisboa<\/p>\n<p>Jo\u00e3o Eduardo Martins | Universidade do Algarve<\/p>\n<p>Jo\u00e3o Mout\u00e3o | Polit\u00e9cnico de Santar\u00e9m<\/p>\n<p>Jo\u00e3o Veloso | Universidade do Porto<\/p>\n<p>Jorge Adelino da Costa | Universidade de Aveiro<\/p>\n<p>Jos\u00e9 Carlos Carvalho | Escola Superior Enfermagem do Porto<\/p>\n<p>Lu\u00eds Tinoca | Universidade de Lisboa<\/p>\n<p>Maria Barbas | Polit\u00e9cnico de Santar\u00e9m<\/p>\n<p>Maria C\u00e9u Carrageta | Escola Superior de Enfermagem de Coimbra<\/p>\n<p>Maria Gra\u00e7a Marques | Universidade do Algarve<\/p>\n<p>Maria Jo\u00e3o Cardona | Polit\u00e9cnico de Santar\u00e9m<\/p>\n<p>Mariana Valente | Universidade de \u00c9vora<\/p>\n<p>Marisa Ces\u00e1rio | Universidade do Algarve<\/p>\n<p>Patr\u00edcia Xufre | Universidade Nova de Lisboa<\/p>\n<p>Paula Och\u00f4a | Universidade Nova de Lisboa<\/p>\n<p>Paula Peres | Polit\u00e9cnico do Porto<\/p>\n<p>Paulo Carrasco | Universidade do Algarve<\/p>\n<p>Pedro Neto | Polit\u00e9cnico de Set\u00fabal<\/p>\n<p>Raquel Andrade | Universidade do Algarve<\/p>\n<p>Rosalina Pisco Costa | Universidade de \u00c9vora<\/p>\n<p>Ros\u00e1ria Pereira | Universidade do Algarve<\/p>\n<p>Rui Gon\u00e7alves | Escola Superior de Enfermagem de Coimbra<\/p>\n<p>Rui Lima | Universidade do Minho<\/p>\n<p>Rui Oliveira | Universidade do Minho<\/p>\n<p>Sandra Soares | Universidade de Aveiro<\/p>\n<p>Sa\u00fal Neves de Jesus | Universidade do Algarve<\/p>\n<p>Sofia S\u00e1 | Universidade de Lisboa<\/p>\n<p>Susana Gon\u00e7alves | Polit\u00e9cnico de Coimbra<\/p>\n<p>T\u00e2nia Nascimento | Universidade do Algarve<\/p>\n<p>Telmo Pereira | Polit\u00e9cnico de Coimbra<\/p>\n<hr \/>\n\n\n<p><strong>Comiss\u00e3o Organizadora<\/strong><\/p>\n\n\n\n<p>Eduardo Esteves | Reitoria\/Instituto Superior de Engenharia, Universidade do Algarve<\/p>\n\n\n\n<p>Ana Concei\u00e7\u00e3o Guerra | Reitoria\/Faculdade de Ci\u00eancias e Tecnologia, Universidade do Algarve<\/p>\n\n\n\n<p>Ana Bai\u00e3o | Escola Superior de Educa\u00e7\u00e3o e Comunica\u00e7\u00e3o, Universidade do Algarve<\/p>\n\n\n\n<p>Marisol Correia | Escola Superior de Gest\u00e3o, Hotelaria e Turismo, Universidade do Algarve<\/p>\n\n\n\n<p>Ant\u00f3nio Abrantes | Escola Superior de Sa\u00fade, Universidade do Algarve<\/p>\n\n\n\n<p>J\u00e2nio Monteiro | Instituto Superior de Engenharia, Universidade do Algarve<\/p>\n\n\n\n<p>Mercedes Zurita | Faculdade de Ci\u00eancias Humanas e Sociais, Universidade do Algarve<\/p>\n\n\n\n<p>Cl\u00e9vio N\u00f3brega | Faculdade de Medicina e Ci\u00eancias Biom\u00e9dicas, Universidade do Algarve<\/p>\n\n\n\n<p>Marielba Zacarias | Faculdade de Ci\u00eancias e Tecnologia, Universidade do Algarve<\/p>\n\n\n\n<p>Ana Paula Barreira | Faculdade de Economia, Universidade do Algarve<\/p>\n\n\n\n<p>Susana Fernandes | Faculdade de Ci\u00eancia e Tecnologia, Universidade do Algarve<\/p>\n\n\n\n<p>Dulce Est\u00eav\u00e3o | Escola Superior de Sa\u00fade, Universidade do Algarve<\/p>\n","protected":false},"excerpt":{"rendered":"<p>O CNaPPES, Congresso Nacional de Pr\u00e1ticas Pedag\u00f3gicas no Ensino Superior, teve in\u00edcio em 2014, com o incentivo do ent\u00e3o Secret\u00e1rio de Estado do Ensino Superior e da Ci\u00eancia, Professor Ferreira<\/p>\n<div class=\"more-link-container\"> [&hellip;]<\/div>\n<p> <span class=\"more-text\">[+]<\/span><\/p>\n","protected":false},"author":2970,"featured_media":0,"parent":0,"menu_order":4,"comment_status":"closed","ping_status":"closed","template":"","meta":{"footnotes":""},"class_list":["post-16","page","type-page","status-publish","hentry"],"_links":{"self":[{"href":"https:\/\/cnappes.org\/cnappes-2023\/wp-json\/wp\/v2\/pages\/16","targetHints":{"allow":["GET"]}}],"collection":[{"href":"https:\/\/cnappes.org\/cnappes-2023\/wp-json\/wp\/v2\/pages"}],"about":[{"href":"https:\/\/cnappes.org\/cnappes-2023\/wp-json\/wp\/v2\/types\/page"}],"author":[{"embeddable":true,"href":"https:\/\/cnappes.org\/cnappes-2023\/wp-json\/wp\/v2\/users\/2970"}],"replies":[{"embeddable":true,"href":"https:\/\/cnappes.org\/cnappes-2023\/wp-json\/wp\/v2\/comments?post=16"}],"version-history":[{"count":0,"href":"https:\/\/cnappes.org\/cnappes-2023\/wp-json\/wp\/v2\/pages\/16\/revisions"}],"wp:attachment":[{"href":"https:\/\/cnappes.org\/cnappes-2023\/wp-json\/wp\/v2\/media?parent=16"}],"curies":[{"name":"wp","href":"https:\/\/api.w.org\/{rel}","templated":true}]}}