{"id":19,"date":"2014-03-28T15:12:45","date_gmt":"2014-03-28T15:12:45","guid":{"rendered":"http:\/\/cnappes.org\/?page_id=19"},"modified":"2014-03-28T15:12:45","modified_gmt":"2014-03-28T15:12:45","slug":"contactos","status":"publish","type":"page","link":"https:\/\/cnappes.org\/cnappes-2022\/contactos\/","title":{"rendered":"Informa\u00e7\u00f5es"},"content":{"rendered":"\n<p><strong>Comiss\u00e3o Organizadora<\/strong><\/p>\n\n\n\n<p>Comiss\u00e3o Organizadora: <a href=\"mailto:cnappes@gmail.com\" target=\"_blank\" rel=\"noreferrer noopener\">cnappes@gmail.com<\/a><\/p>\n\n\n\n<p><strong>Organiza\u00e7\u00e3o local<\/strong><\/p>\n\n\n\n<p>Escola Superior de Enfermagem de Coimbra<\/p>\n\n\n\n<p>Telefone: +351 239 802 850 \/ +351 239 487 200<\/p>\n\n\n\n<p>Email: <a href=\"mailto:cnappes@esenfc.pt\" target=\"_blank\" rel=\"noreferrer noopener\">cnappes@esenfc.pt<\/a><\/p>\n\n\n\n<hr class=\"wp-block-separator\" \/>\n\n\n\n<p><strong>Local do Congresso<\/strong><\/p>\n\n\n\n<p>Escola Superior de Enfermagem de Coimbra \u2013 P\u00f3lo B<br><\/p>\n\n\n\n<p>O Polo B situa-se na freguesia de S. Martinho do Bispo, na margem esquerda do Rio Mondego, junto<br>ao CHUC &#8211; Hospital Geral (tamb\u00e9m conhecido por Hospital dos Cov\u00f5es), com o seguinte endere\u00e7o:<br>Rua 5 de Outubro, s\/n | 3045-043 Coimbra<br><br>GPS: 40.197872, -8.461715<\/p>\n\n\n\n<p><\/p>\n","protected":false},"excerpt":{"rendered":"<p>Comiss\u00e3o Organizadora Comiss\u00e3o Organizadora: cnappes@gmail.com Organiza\u00e7\u00e3o local Escola Superior de Enfermagem de Coimbra Telefone: +351 239 802 850 \/ +351 239 487 200 Email: cnappes@esenfc.pt Local do Congresso Escola Superior<\/p>\n<div class=\"more-link-container\"> [&hellip;]<\/div>\n<p> <span class=\"more-text\">[+]<\/span><\/p>\n","protected":false},"author":73,"featured_media":0,"parent":0,"menu_order":5,"comment_status":"closed","ping_status":"closed","template":"","meta":{"footnotes":""},"class_list":["post-19","page","type-page","status-publish","hentry"],"_links":{"self":[{"href":"https:\/\/cnappes.org\/cnappes-2022\/wp-json\/wp\/v2\/pages\/19","targetHints":{"allow":["GET"]}}],"collection":[{"href":"https:\/\/cnappes.org\/cnappes-2022\/wp-json\/wp\/v2\/pages"}],"about":[{"href":"https:\/\/cnappes.org\/cnappes-2022\/wp-json\/wp\/v2\/types\/page"}],"author":[{"embeddable":true,"href":"https:\/\/cnappes.org\/cnappes-2022\/wp-json\/wp\/v2\/users\/73"}],"replies":[{"embeddable":true,"href":"https:\/\/cnappes.org\/cnappes-2022\/wp-json\/wp\/v2\/comments?post=19"}],"version-history":[{"count":0,"href":"https:\/\/cnappes.org\/cnappes-2022\/wp-json\/wp\/v2\/pages\/19\/revisions"}],"wp:attachment":[{"href":"https:\/\/cnappes.org\/cnappes-2022\/wp-json\/wp\/v2\/media?parent=19"}],"curies":[{"name":"wp","href":"https:\/\/api.w.org\/{rel}","templated":true}]}}