{"id":16,"date":"2014-03-28T15:12:32","date_gmt":"2014-03-28T15:12:32","guid":{"rendered":"http:\/\/cnappes.org\/?page_id=16"},"modified":"2014-03-28T15:12:32","modified_gmt":"2014-03-28T15:12:32","slug":"organizacao","status":"publish","type":"page","link":"https:\/\/cnappes.org\/cnappes-2022\/organizacao\/","title":{"rendered":"Organiza\u00e7\u00e3o"},"content":{"rendered":"<p>O CNaPPES, Congresso Nacional de Pr\u00e1ticas Pedag\u00f3gicas no Ensino Superior, teve in\u00edcio em 2014, com o incentivo do ent\u00e3o Secret\u00e1rio de Estado do Ensino Superior e da Ci\u00eancia, Professor Ferreira Gomes. Criou-se ent\u00e3o um grupo de trabalho, com docentes provenientes de diferentes institui\u00e7\u00f5es do ensino superior (Universidades e Polit\u00e9cnicos), para promover um encontro anual de docentes com o objetivo central, que se tem mantido, de partilhar e disseminar pr\u00e1ticas pedag\u00f3gicas em curso nas institui\u00e7\u00f5es de ensino superior portuguesas. Mais importante ainda, este encontro, pela discuss\u00e3o franca dos resultados obtidos, deveria promover a aplica\u00e7\u00e3o das boas pr\u00e1ticas a novos e diferentes contextos.<\/p>\n<p>Assim, no CNaPPES estabeleceu-se que cada experi\u00eancia relatada assentaria num quadro te\u00f3rico de refer\u00eancia e num contexto educacional espec\u00edfico, para a qual deveria ser apresentada uma descri\u00e7\u00e3o detalhada da pr\u00e1tica pedag\u00f3gica, bem como os dados de avalia\u00e7\u00e3o da mesma. Estes requisitos provaram ser essenciais para que estas experi\u00eancias pudessem ser transferidas para outros contextos e dessem origem a novas pr\u00e1ticas e a novos relatos.<\/p>\n<p><strong>Comiss\u00e3o Coordenadora<\/strong><\/p>\n<p>Patr\u00edcia Rosado Pinto | Universidade Nova de Lisboa<\/p>\n<p>Jos\u00e9 Fernando Oliveira | Universidade do Porto<\/p>\n<p>Fernando Remi\u00e3o | Universidade do Porto<\/p>\n<p>Rita Cadima | Polit\u00e9cnico de Leiria<\/p>\n<p>Lu\u00eds Castro | Universidade de Lisboa<\/p>\n<p>Fernando Almeida | Polit\u00e9cnico de Set\u00fabal<\/p>\n<p>Manuel Jo\u00e3o Costa | Universidade do Minho<\/p>\n<p>Sandra Soares | Universidade de Aveiro<\/p>\n<p>Maria C\u00e9u Carrageta | Escola Superior de Enfermagem de Coimbra<\/p>\n<hr \/>\n<p><strong>Comiss\u00e3o de Programa<\/strong><\/p>\n<p>Alice Bastos | Polit\u00e9cnico de Viana do Castelo<\/p>\n<p>Ana Freitas | Universidade do Porto<\/p>\n<p>Ana Mouraz | Universidade Aberta<\/p>\n<p>\u00c2ngelo Martins | Polit\u00e9cnico do Porto<\/p>\n<p>Ant\u00f3nio Nogueira | Universidade de Aveiro<\/p>\n<p>Ant\u00f3nio Faustino |\u00a0 Polit\u00e9cnico de Castelo Branco<\/p>\n<p>Carla Nascimento | Escola Superior de Enfermagem de Lisboa<\/p>\n<p>Cristina Albuquerque | Universidade de Coimbra<\/p>\n<p>Dina Seabra | Universidade de Aveiro<\/p>\n<p>Domingos Fernandes | Universidade de Lisboa<\/p>\n<p>Fl\u00e1via Vieira | Universidade do Minho<\/p>\n<p>Gl\u00f3ria Bastos | Universidade Aberta<\/p>\n<p>Helena Pimentel | Polit\u00e9cnico de Bragan\u00e7a<\/p>\n<p>Helena S\u00e1 | Universidade de Aveiro<\/p>\n<p>Isabel Alves | Universidade de Tr\u00e1s-os-Montes e Alto Douro<\/p>\n<p>Isabel Gon\u00e7alves | Universidade de Lisboa<\/p>\n<p>Isabel Neto | Universidade da Beira Interior<\/p>\n<p>Isabel Pereira | Polit\u00e9cnico de Leiria<\/p>\n<p>Joana Soares | Universidade de Lisboa<\/p>\n<p>Jo\u00e3o Mout\u00e3o | Polit\u00e9cnico de Santar\u00e9m<\/p>\n<p>Jo\u00e3o Veloso | Universidade do Porto<\/p>\n<p>Jorge Adelino da Costa | Universidade de Aveiro<\/p>\n<p>Jos\u00e9 Carlos Carvalho | Escola Superior Enfermagem do Porto<\/p>\n<p>Lu\u00eds Tinoca | Universidade de Lisboa<\/p>\n<p>Maria Barbas | Polit\u00e9cnico de Santar\u00e9m<\/p>\n<p>Maria C\u00e9u Carrageta | Escola Superior de Enfermagem de Coimbra<\/p>\n<p>Maria Jo\u00e3o Cardona | Polit\u00e9cnico de Santar\u00e9m<\/p>\n<p>Mariana Valente | Universidade de \u00c9vora<\/p>\n<p>Patr\u00edcia Xufre | Universidade Nova de Lisboa<\/p>\n<p>Paula Och\u00f4a | Universidade Nova de Lisboa<\/p>\n<p>Paula Peres | Polit\u00e9cnico do Porto<\/p>\n<p>Pedro Neto | Polit\u00e9cnico de Set\u00fabal<\/p>\n<p>Rosalina Pisco Costa | Universidade de \u00c9vora<\/p>\n<p>Rui Gon\u00e7alves | Escola Superior de Enfermagem de Coimbra<\/p>\n<p>Rui Lima | Universidade do Minho<\/p>\n<p>Rui Oliveira | Universidade do Minho<\/p>\n<p>Sandra Soares | Universidade de Aveiro<\/p>\n<p>Sa\u00fal Neves de Jesus | Universidade do Algarve<\/p>\n<p>Sofia S\u00e1 | Universidade de Lisboa<\/p>\n<p>Susana Gon\u00e7alves | Polit\u00e9cnico de Coimbra<\/p>\n<p>Telmo Pereira | Polit\u00e9cnico de Coimbra<\/p>\n<hr \/>\n<p><strong>Comiss\u00e3o Organizadora<\/strong><\/p>\n<p>Alfredo Louren\u00e7o | Escola Superior de Enfermagem de Coimbra<\/p>\n<p>Ana Filipa Cardoso | Escola Superior de Enfermagem de Coimbra<\/p>\n<p>Ana Perdig\u00e3o | Escola Superior de Enfermagem de Coimbra<\/p>\n<p>Fernando Henriques | Escola Superior de Enfermagem de Coimbra<\/p>\n<p>Hugo Neves | Escola Superior de Enfermagem de Coimbra<\/p>\n<p>Margarida Moreira da Silva | Escola Superior de Enfermagem de Coimbra<\/p>\n<p>Maria da Alegria Sim\u00f5es | Escola Superior de Enfermagem de Coimbra<\/p>\n<p>Maria de Lurdes Almeida | Escola Superior de Enfermagem de Coimbra<\/p>\n<p>Maria do C\u00e9u Carrageta | Escola Superior de Enfermagem de Coimbra (Coordena\u00e7\u00e3o)<\/p>\n<p>Mar\u00edlia Neves | Escola Superior de Enfermagem de Coimbra<\/p>\n<p>Rui Gon\u00e7alves | Escola Superior de Enfermagem de Coimbra<\/p>\n<p>Sandra Soares | Universidade de Aveiro<\/p>\n","protected":false},"excerpt":{"rendered":"<p>O CNaPPES, Congresso Nacional de Pr\u00e1ticas Pedag\u00f3gicas no Ensino Superior, teve in\u00edcio em 2014, com o incentivo do ent\u00e3o Secret\u00e1rio de Estado do Ensino Superior e da Ci\u00eancia, Professor Ferreira<\/p>\n<div class=\"more-link-container\"> [&hellip;]<\/div>\n<p> <span class=\"more-text\">[+]<\/span><\/p>\n","protected":false},"author":73,"featured_media":0,"parent":0,"menu_order":4,"comment_status":"closed","ping_status":"closed","template":"","meta":{"footnotes":""},"class_list":["post-16","page","type-page","status-publish","hentry"],"_links":{"self":[{"href":"https:\/\/cnappes.org\/cnappes-2022\/wp-json\/wp\/v2\/pages\/16","targetHints":{"allow":["GET"]}}],"collection":[{"href":"https:\/\/cnappes.org\/cnappes-2022\/wp-json\/wp\/v2\/pages"}],"about":[{"href":"https:\/\/cnappes.org\/cnappes-2022\/wp-json\/wp\/v2\/types\/page"}],"author":[{"embeddable":true,"href":"https:\/\/cnappes.org\/cnappes-2022\/wp-json\/wp\/v2\/users\/73"}],"replies":[{"embeddable":true,"href":"https:\/\/cnappes.org\/cnappes-2022\/wp-json\/wp\/v2\/comments?post=16"}],"version-history":[{"count":0,"href":"https:\/\/cnappes.org\/cnappes-2022\/wp-json\/wp\/v2\/pages\/16\/revisions"}],"wp:attachment":[{"href":"https:\/\/cnappes.org\/cnappes-2022\/wp-json\/wp\/v2\/media?parent=16"}],"curies":[{"name":"wp","href":"https:\/\/api.w.org\/{rel}","templated":true}]}}