{"id":1170,"date":"2014-03-28T15:11:53","date_gmt":"2014-03-28T15:11:53","guid":{"rendered":"http:\/\/cnappes.org\/?page_id=7"},"modified":"2014-03-28T15:11:53","modified_gmt":"2014-03-28T15:11:53","slug":"home","status":"publish","type":"page","link":"https:\/\/cnappes.org\/cnappes-2022\/","title":{"rendered":"Home"},"content":{"rendered":"\n<div class=\"wp-block-columns is-layout-flex wp-container-core-columns-is-layout-1 wp-block-columns-is-layout-flex\">\n<div class=\"wp-block-column is-layout-flow wp-block-column-is-layout-flow\">\n<h2 class=\"has-text-align-center has-medium-font-size wp-block-heading\">DATA<\/h2>\n\n\n\n<div class=\"wp-block-image\"><figure class=\"aligncenter size-full is-resized\"><img loading=\"lazy\" decoding=\"async\" src=\"https:\/\/cnappes.org\/files\/2022\/01\/icones1.png\" alt=\"\" class=\"wp-image-1108\" width=\"85\" height=\"85\" srcset=\"https:\/\/cnappes.org\/cnappes-2022\/files\/2022\/01\/icones1.png 170w, https:\/\/cnappes.org\/cnappes-2022\/files\/2022\/01\/icones1-150x150.png 150w\" sizes=\"auto, (max-width: 85px) 100vw, 85px\" \/><\/figure><\/div>\n\n\n\n<p class=\"has-text-align-center\"><strong>14 e 15 de julho de 2022<\/strong><\/p>\n<\/div>\n\n\n\n<div class=\"wp-block-column is-layout-flow wp-block-column-is-layout-flow\">\n<h2 class=\"has-text-align-center has-medium-font-size wp-block-heading\">LOCAL<\/h2>\n\n\n\n<div class=\"wp-block-image\"><figure class=\"aligncenter size-full is-resized\"><img loading=\"lazy\" decoding=\"async\" src=\"https:\/\/cnappes.org\/files\/2022\/01\/icones2.png\" alt=\"\" class=\"wp-image-1109\" width=\"85\" height=\"85\" srcset=\"https:\/\/cnappes.org\/cnappes-2022\/files\/2022\/01\/icones2.png 170w, https:\/\/cnappes.org\/cnappes-2022\/files\/2022\/01\/icones2-150x150.png 150w\" sizes=\"auto, (max-width: 85px) 100vw, 85px\" \/><\/figure><\/div>\n\n\n\n<p class=\"has-text-align-center\"><strong>Escola Superior de Enfermagem de Coimbra<\/strong><\/p>\n<\/div>\n<\/div>\n\n\n\n<div style=\"height:20px\" aria-hidden=\"true\" class=\"wp-block-spacer\"><\/div>\n\n\n\n<hr class=\"wp-block-separator is-style-wide\" \/>\n\n\n\n<div style=\"height:20px\" aria-hidden=\"true\" class=\"wp-block-spacer\"><\/div>\n\n\n\n<h2 class=\"has-text-align-center wp-block-heading\"><strong>CNaPPES<\/strong><\/h2>\n\n\n\n<p class=\"has-text-align-center\">Caros\/as Amigos\/as<\/p>\n\n\n\n<div style=\"height:30px\" aria-hidden=\"true\" class=\"wp-block-spacer\"><\/div>\n\n\n\n<div class=\"wp-block-columns is-layout-flex wp-container-core-columns-is-layout-2 wp-block-columns-is-layout-flex\">\n<div class=\"wp-block-column is-layout-flow wp-block-column-is-layout-flow\">\n<p>O CNaPPES est\u00e1 de novo a\u00ed!!<\/p>\n\n\n\n<p>No ano passado, devido a circunstancias de todos conhecidas, realiz\u00e1mos o nosso congresso a dist\u00e2ncia. Os dados de avalia\u00e7\u00e3o revelaram um reconfortante grau de satisfa\u00e7\u00e3o por parte dos participantes. Este sucesso, nunca ser\u00e1 demais repetir, deveu-se em grande parte \u00e0 dedica\u00e7\u00e3o e profissionalismo dos colegas da Universidade de Aveiro, a quem estamos todos profundamente gratos. Organizaram e realizaram um encontro, proporcionando-nos a qualidade a que o CNaPPES nos vem habituando.<\/p>\n\n\n\n<p>Este ano, por\u00e9m, gostar\u00edamos de voltar ao presencial, cumprindo uma das nossas caracter\u00edsticas mais apreciadas \u2013 o conv\u00edvio e a partilha de ideias, de materiais e de projetos. Naturalmente que tudo depender\u00e1 do momento e da gravidade da situa\u00e7\u00e3o epidemiol\u00f3gica que, na altura, se viver.<\/p>\n\n\n\n<p>Desta vez, teremos de agradecer aos colegas da Escola Superior de Enfermagem de Coimbra que se disponibilizaram para organizar um encontro presencial e para a altera\u00e7\u00e3o para outro formato, se necess\u00e1rio.<\/p>\n\n\n\n<p>Sublinhamos, porque por vezes \u00e9 necess\u00e1rio recentrar ideias, que nos iremos manter fi\u00e9is aos princ\u00edpios pelos quais inici\u00e1mos esta viagem:<\/p>\n\n\n\n<p>&#8211; O CNaPPES nasceu para permitir e promover a partilha pedag\u00f3gica no Ensino Superior. A partilha pedag\u00f3gica era praticamente inexistente neste n\u00edvel de ensino. Eventos de partilha existentes limitavam-se \u00e0s paredes de cada Institui\u00e7\u00e3o de Ensino Superior ou aos muros de \u00e1reas cient\u00edficas bem definidas. O CNaPPES nasceu para derrubar muros e ser inclusivo.&nbsp;&nbsp;<\/p>\n\n\n\n<p><\/p>\n<\/div>\n\n\n\n<div class=\"wp-block-column is-layout-flow wp-block-column-is-layout-flow\">\n<p>&#8211; O CNaPPES \u00e9 um evento do e para o Ensino Superior, pelo que os primeiros muros a derrubar foram os dos subsistemas do Ensino Superior, agregando e congregando o Ensino Universit\u00e1rio e o Ensino Polit\u00e9cnico. Por isso, as passadas sete edi\u00e7\u00f5es do CNaPPES foram organizadas em quatro universidades e tr\u00eas institutos polit\u00e9cnicos, tendo este ano lugar numa escola superior polit\u00e9cnico n\u00e3o integrada.- O CNaPPES \u00e9 um evento de dimens\u00e3o nacional, e por isso j\u00e1 teve lugar no Porto, em Leiria, em Lisboa, em Set\u00fabal, em Braga, em Santar\u00e9m, em Aveiro (em modo online), e agora decorre em Coimbra.<\/p>\n\n\n\n<p>&#8211; O CNaPPES foca-se na pr\u00e1tica pedag\u00f3gica e naquilo que nos une (e menos no dom\u00ednio cient\u00edfico, que nos distingue), visando-se a eventual cria\u00e7\u00e3o de comunidades de pr\u00e1ticas e a transfer\u00eancia de m\u00e9todos pedag\u00f3gicos entre \u00e1reas cient\u00edficas. O CNaPPES n\u00e3o \u00e9 um encontro de investiga\u00e7\u00e3o em Ci\u00eancias da Educa\u00e7\u00e3o, nem um espa\u00e7o centrado na forma\u00e7\u00e3o de professores. No entanto, ao longo dos anos procuramos sempre manter duas apresenta\u00e7\u00f5es plen\u00e1rias inspiradoras e motivacionais, que possam apontar caminhos e desinstalar-nos do conforto nos nossos sucessos.<\/p>\n\n\n\n<p>Somos todos docentes do Ensino Superior, e por isso temos na nossa matriz o rigor metodol\u00f3gico que a investiga\u00e7\u00e3o nos exige. Por isso, tamb\u00e9m na partilha das pr\u00e1ticas pedag\u00f3gicas procuramos que estas sejam descritas de forma compreens\u00edvel e com um racional e um quadro concetual em pano de fundo, onde os objetivos e os resultados da avalia\u00e7\u00e3o das pr\u00e1ticas t\u00eam particular relev\u00e2ncia \u2013 s\u00f3 assim se poder\u00e1 assegurar rigor e transferibilidade.<\/p>\n\n\n\n<p>Caros\/as amigos\/as, esperamos que cada palavra do nome deste evento tenha ganho um novo sentido. Bem-vindos ao evento onde nos congregamos, vindos de todo o pa\u00eds, para partilhar pr\u00e1ticas pedag\u00f3gicas que ocorrem em todo o ensino superior. Bem-vindos ao CNaPPES.<\/p>\n<\/div>\n<\/div>\n\n\n\n<p class=\"has-text-align-center\"><\/p>\n","protected":false},"excerpt":{"rendered":"<p>DATA 14 e 15 de julho de 2022 LOCAL Escola Superior de Enfermagem de Coimbra CNaPPES Caros\/as Amigos\/as O CNaPPES est\u00e1 de novo a\u00ed!! No ano passado, devido a circunstancias<\/p>\n<div class=\"more-link-container\"> [&hellip;]<\/div>\n<p> <span class=\"more-text\">[+]<\/span><\/p>\n","protected":false},"author":73,"featured_media":0,"parent":0,"menu_order":1,"comment_status":"closed","ping_status":"closed","template":"","meta":{"footnotes":""},"class_list":["post-1170","page","type-page","status-publish","hentry"],"_links":{"self":[{"href":"https:\/\/cnappes.org\/cnappes-2022\/wp-json\/wp\/v2\/pages\/1170","targetHints":{"allow":["GET"]}}],"collection":[{"href":"https:\/\/cnappes.org\/cnappes-2022\/wp-json\/wp\/v2\/pages"}],"about":[{"href":"https:\/\/cnappes.org\/cnappes-2022\/wp-json\/wp\/v2\/types\/page"}],"author":[{"embeddable":true,"href":"https:\/\/cnappes.org\/cnappes-2022\/wp-json\/wp\/v2\/users\/73"}],"replies":[{"embeddable":true,"href":"https:\/\/cnappes.org\/cnappes-2022\/wp-json\/wp\/v2\/comments?post=1170"}],"version-history":[{"count":0,"href":"https:\/\/cnappes.org\/cnappes-2022\/wp-json\/wp\/v2\/pages\/1170\/revisions"}],"wp:attachment":[{"href":"https:\/\/cnappes.org\/cnappes-2022\/wp-json\/wp\/v2\/media?parent=1170"}],"curies":[{"name":"wp","href":"https:\/\/api.w.org\/{rel}","templated":true}]}}