{"id":16,"date":"2014-03-28T15:12:32","date_gmt":"2014-03-28T15:12:32","guid":{"rendered":"http:\/\/cnappes.org\/?page_id=16"},"modified":"2014-03-28T15:12:32","modified_gmt":"2014-03-28T15:12:32","slug":"organizacao","status":"publish","type":"page","link":"https:\/\/cnappes.org\/cnappes-2019\/organizacao\/","title":{"rendered":"Organiza\u00e7\u00e3o"},"content":{"rendered":"<p><strong>Comiss\u00e3o de Coordena\u00e7\u00e3o<\/strong><\/p>\n<p>Patr\u00edcia Rosado Pinto | Universidade Nova de Lisboa<\/p>\n<p>Fernando Remi\u00e3o | Universidade do Porto<\/p>\n<p>Jos\u00e9 Fernando Oliveira | Universidade do Porto<\/p>\n<p>Rita Cadima | Instituto Polit\u00e9cnico de Leiria<\/p>\n<p>Lu\u00eds Castro \u00a0 | \u00a0 Universidade de Lisboa<\/p>\n<p>Maria Am\u00e9lia Ferreira | Universidade do Porto<\/p>\n<p>Fernando Almeida | Instituto Polit\u00e9cnico de Set\u00fabal<\/p>\n<p>Manuel Jo\u00e3o Costa | Universidade do Minho<\/p>\n<hr \/>\n<p><strong>Comiss\u00e3o de Programa<\/strong><\/p>\n<p>Alice Bastos | Instituto Polit\u00e9cnico de Viana do Castelo<\/p>\n<p>\u00c2ngelo Martins | Instituto Polit\u00e9cnico do Porto<\/p>\n<p>Cristina Loureiro | Instituto Polit\u00e9cnico de Lisboa<\/p>\n<p>Domingos Fernandes | Universidade de Lisboa<\/p>\n<p>Fl\u00e1via Vieira | Universidade do Minho<\/p>\n<p>Gl\u00f3ria Bastos | Universidade Aberta<\/p>\n<p>Helena Pimentel | Instituto Polit\u00e9cnico de Bragan\u00e7a<\/p>\n<p>Isabel Alves | Universidade de Tr\u00e1s-os-Montes e Alto Douro<\/p>\n<p>Isabel Neto | Universidade da Beira Interior<\/p>\n<p>Isabel Pereira | Instituto Polit\u00e9cnico de Leiria<\/p>\n<p>Jo\u00e3o Mout\u00e3o | Instituto Polit\u00e9cnico de Santar\u00e9m<\/p>\n<p>Jo\u00e3o Veloso | Universidade do Porto<\/p>\n<p>Leandro Almeida | Universidade do Minho<\/p>\n<p>Lu\u00eds Tinoca | Universidade de Lisboa<\/p>\n<p>Maria Barbas\u00a0| Instituto Polit\u00e9cnico de Santar\u00e9m<\/p>\n<p>Maria C\u00e9u Carrageta | Escola Superior de Enfermagem de Coimbra<\/p>\n<p>Maria Jo\u00e3o Cardona | Instituto Polit\u00e9cnico de Santar\u00e9m<\/p>\n<p>Mariana Valente | Universidade de \u00c9vora<\/p>\n<p>Paula Och\u00f4a | Universidade Nova de Lisboa<\/p>\n<p>Paula Peres | Instituto Polit\u00e9cnico do Porto<\/p>\n<p>Patr\u00edcia Xufre | Universidade Nova de Lisboa<\/p>\n<p>Pedro Neto | Instituto Polit\u00e9cnico de Set\u00fabal<\/p>\n<p>Rosalina Pisco Costa | Universidade de \u00c9vora<\/p>\n<p>Rui Lima | Universidade do Minho<\/p>\n<p>Sandra Soares | Universidade de Aveiro<\/p>\n<p>Susana Gon\u00e7alves | Instituto Polit\u00e9cnico de Coimbra<\/p>\n<hr \/>\n<p><strong>Comiss\u00e3o Organizadora Local<\/strong><\/p>\n<p>Maria Jo\u00e3o Cardona\u00a0| Instituto Polit\u00e9cnico de Santar\u00e9m<\/p>\n<p>Francisco Silva\u00a0| Instituto Polit\u00e9cnico de Santar\u00e9m<\/p>\n<p>Ana Loureiro\u00a0| Instituto Polit\u00e9cnico de Santar\u00e9m<\/p>\n<p>Dina Rocha\u00a0| Instituto Polit\u00e9cnico de Santar\u00e9m<\/p>\n<p>Margarida Oliveira\u00a0| Instituto Polit\u00e9cnico de Santar\u00e9m<\/p>\n<p>Isabel Piscalho\u00a0| Instituto Polit\u00e9cnico de Santar\u00e9m<\/p>\n<p>Marta Uva\u00a0| Instituto Polit\u00e9cnico de Santar\u00e9m<\/p>\n<p>Neusa Branco\u00a0| Instituto Polit\u00e9cnico de Santar\u00e9m<\/p>\n<p>S\u00f3nia Seixas\u00a0| Instituto Polit\u00e9cnico de Santar\u00e9m<\/p>\n<p>Patricia Rodrigues\u00a0| Instituto Polit\u00e9cnico de Santar\u00e9m<\/p>\n<p>Teresa Maia Carmo\u00a0| Instituto Polit\u00e9cnico de Santar\u00e9m<\/p>\n<p>Raquel Santos\u00a0| Instituto Polit\u00e9cnico de Santar\u00e9m<\/p>\n<p>Luisa Delgado\u00a0| Instituto Polit\u00e9cnico de Santar\u00e9m<\/p>\n<p>Bento Cavadas\u00a0| Instituto Polit\u00e9cnico de Santar\u00e9m<\/p>\n<p><img loading=\"lazy\" decoding=\"async\" class=\"alignnone  wp-image-805\" src=\"http:\/\/cnappes.org\/files\/2019\/02\/logo_ips-300x159.png\" alt=\"\" width=\"197\" height=\"104\" \/><\/p>\n","protected":false},"excerpt":{"rendered":"<p>Comiss\u00e3o de Coordena\u00e7\u00e3o Patr\u00edcia Rosado Pinto | Universidade Nova de Lisboa Fernando Remi\u00e3o | Universidade do Porto Jos\u00e9 Fernando Oliveira | Universidade do Porto Rita Cadima | Instituto Polit\u00e9cnico de<\/p>\n<div class=\"more-link-container\"> [&hellip;]<\/div>\n<p> <span class=\"more-text\">[+]<\/span><\/p>\n","protected":false},"author":97,"featured_media":0,"parent":0,"menu_order":4,"comment_status":"closed","ping_status":"closed","template":"","meta":{"footnotes":""},"class_list":["post-16","page","type-page","status-publish","hentry"],"_links":{"self":[{"href":"https:\/\/cnappes.org\/cnappes-2019\/wp-json\/wp\/v2\/pages\/16","targetHints":{"allow":["GET"]}}],"collection":[{"href":"https:\/\/cnappes.org\/cnappes-2019\/wp-json\/wp\/v2\/pages"}],"about":[{"href":"https:\/\/cnappes.org\/cnappes-2019\/wp-json\/wp\/v2\/types\/page"}],"author":[{"embeddable":true,"href":"https:\/\/cnappes.org\/cnappes-2019\/wp-json\/wp\/v2\/users\/97"}],"replies":[{"embeddable":true,"href":"https:\/\/cnappes.org\/cnappes-2019\/wp-json\/wp\/v2\/comments?post=16"}],"version-history":[{"count":0,"href":"https:\/\/cnappes.org\/cnappes-2019\/wp-json\/wp\/v2\/pages\/16\/revisions"}],"wp:attachment":[{"href":"https:\/\/cnappes.org\/cnappes-2019\/wp-json\/wp\/v2\/media?parent=16"}],"curies":[{"name":"wp","href":"https:\/\/api.w.org\/{rel}","templated":true}]}}