{"id":11,"date":"2014-03-28T15:11:53","date_gmt":"2014-03-28T15:11:53","guid":{"rendered":"http:\/\/cnappes.org\/?page_id=7"},"modified":"2014-03-28T15:11:53","modified_gmt":"2014-03-28T15:11:53","slug":"home","status":"publish","type":"page","link":"https:\/\/cnappes.org\/cnappes-2019\/","title":{"rendered":"Home"},"content":{"rendered":"<div class=\"row\">\n<div class=\"col-md-6 col-sm-12\">\n<h4 style=\"padding: 20px 10px 10px;text-align: center\">DATA<\/h4>\n<div style=\"padding: 20px 10px 10px;text-align: center\">\n<p><img decoding=\"async\" src=\"http:\/\/cnappes.org\/files\/2019\/02\/icones-02.png\" alt=\"\" \/><\/p>\n<p><strong>11 e 12 de julho de 2019<\/strong><\/p>\n<\/div>\n<\/div>\n<div class=\"col-md-6 col-sm-12\">\n<h4 style=\"padding: 20px 10px 10px;text-align: center\">LOCAL<\/h4>\n<div style=\"padding: 20px 10px 10px;text-align: center\">\n<p><img decoding=\"async\" src=\"http:\/\/cnappes.org\/files\/2019\/02\/icones-03.png\" alt=\"\" \/><\/p>\n<p><strong>Instituto Polit\u00e9cnico de Santar\u00e9m<\/strong><\/p>\n<\/div>\n<\/div>\n<\/div>\n<h2 style=\"font-weight: bold;font-size: 3em;text-align: center;margin: 60px 0\">CNaPPES<\/h2>\n<div class=\"row\">\n<div class=\"col-md-6 col-sm-12\" style=\"padding: 0 50px;line-height: 1.9em\">\n<p>A melhoria da qualidade do ensino no Ensino Superior europeu, decorrente de profundas altera\u00e7\u00f5es sociais, econ\u00f3micas e tecnol\u00f3gicas, tem dado origem a altera\u00e7\u00f5es marcantes nas universidades europeias. Diversas iniciativas t\u00eam vindo a ter lugar, destacando-se a preocupa\u00e7\u00e3o com uma forma\u00e7\u00e3o s\u00f3lida em termos cient\u00edficos, mas tamb\u00e9m flex\u00edvel e inovadora que possa preparar os estudantes para um mercado de trabalho de alguma instabilidade e em permanente muta\u00e7\u00e3o.<\/p>\n<p>No que ao Ensino diz respeito, os professores, e os docentes portugueses n\u00e3o s\u00e3o excep\u00e7\u00e3o, t\u00eam sabido responder ao desafio, atrav\u00e9s da introdu\u00e7\u00e3o de pr\u00e1ticas pedag\u00f3gicas inovadoras. Muitos destes exemplos t\u00eam vindo a ser descritos no nosso pa\u00eds, tendo os outros\u00a0encontros CNaPPES (Porto, Leiria, Lisboa, Set\u00fabal e Minho) sido um exemplo de partilha e discuss\u00e3o destas pr\u00e1ticas. Nestes Congressos, docentes dos Ensinos Universit\u00e1rio e Polit\u00e9cnico, das diferentes regi\u00f5es do pa\u00eds e dos mais diversos dom\u00ednios cient\u00edficos de origem, juntaram-se com o \u00fanico objectivo de partilhar e discutir experi\u00eancias pedag\u00f3gicas vividas com os seus alunos. As avalia\u00e7\u00f5es recebidas e o entusiasmo gerado refor\u00e7aram o nosso desejo de manter esta iniciativa.<\/p>\n<\/div>\n<div class=\"col-md-6 col-sm-12\" style=\"padding: 0 50px;line-height: 1.9em\">\n<p>Com este sexto Congresso (CNaPPES 2019), pretendemos dar continuidade a este projecto que visa valorizar e promover a excel\u00eancia pedag\u00f3gica no Ensino Superior e contribuir para a cria\u00e7\u00e3o de comunidades de docentes, a partir da dissemina\u00e7\u00e3o das suas pr\u00e1ticas e da aprendizagem com os pares. Continuamos a enfatizar a ideia de que, sem descurar os nossos quadros conceptuais de refer\u00eancia, n\u00e3o visamos uma abordagem te\u00f3rica e prescritiva, mas sim a partilha e discuss\u00e3o do que realiz\u00e1mos e que funcionou bem e mal em contexto real de pr\u00e1tica pedag\u00f3gica.<\/p>\n<p>Tal como nas edi\u00e7\u00f5es anteriores, o CNaPPES conta com o apoio da DGES e da Secretaria de Estado do Ensino Superior.<\/p>\n<\/div>\n<\/div>\n","protected":false},"excerpt":{"rendered":"<p>DATA 11 e 12 de julho de 2019 LOCAL Instituto Polit\u00e9cnico de Santar\u00e9m CNaPPES A melhoria da qualidade do ensino no Ensino Superior europeu, decorrente de profundas altera\u00e7\u00f5es sociais, econ\u00f3micas<\/p>\n<div class=\"more-link-container\"> [&hellip;]<\/div>\n<p> <span class=\"more-text\">[+]<\/span><\/p>\n","protected":false},"author":97,"featured_media":0,"parent":0,"menu_order":1,"comment_status":"closed","ping_status":"closed","template":"","meta":{"footnotes":""},"class_list":["post-11","page","type-page","status-publish","hentry"],"_links":{"self":[{"href":"https:\/\/cnappes.org\/cnappes-2019\/wp-json\/wp\/v2\/pages\/11","targetHints":{"allow":["GET"]}}],"collection":[{"href":"https:\/\/cnappes.org\/cnappes-2019\/wp-json\/wp\/v2\/pages"}],"about":[{"href":"https:\/\/cnappes.org\/cnappes-2019\/wp-json\/wp\/v2\/types\/page"}],"author":[{"embeddable":true,"href":"https:\/\/cnappes.org\/cnappes-2019\/wp-json\/wp\/v2\/users\/97"}],"replies":[{"embeddable":true,"href":"https:\/\/cnappes.org\/cnappes-2019\/wp-json\/wp\/v2\/comments?post=11"}],"version-history":[{"count":0,"href":"https:\/\/cnappes.org\/cnappes-2019\/wp-json\/wp\/v2\/pages\/11\/revisions"}],"wp:attachment":[{"href":"https:\/\/cnappes.org\/cnappes-2019\/wp-json\/wp\/v2\/media?parent=11"}],"curies":[{"name":"wp","href":"https:\/\/api.w.org\/{rel}","templated":true}]}}