{"id":19,"date":"2014-03-28T15:12:45","date_gmt":"2014-03-28T15:12:45","guid":{"rendered":"http:\/\/cnappes.org\/?page_id=19"},"modified":"2014-03-28T15:12:45","modified_gmt":"2014-03-28T15:12:45","slug":"contactos","status":"publish","type":"page","link":"https:\/\/cnappes.org\/cnappes-2017\/contactos\/","title":{"rendered":"Informa\u00e7\u00f5es"},"content":{"rendered":"<p><strong>Comiss\u00e3o Organizadora<\/strong><\/p>\n<p><a href=\"mailto:cnappes@gmail.com\">cnappes@gmail.com<\/a><\/p>\n<p>&nbsp;<\/p>\n<p><strong>Organiza\u00e7\u00e3o local<\/strong><\/p>\n<p>Helena Gon\u00e7alves<\/p>\n<p>Edif\u00edcio-sede do IPS<\/p>\n<p>Campus do IPS &#8211; Estefanilha<br \/>\n2910-761 | Set\u00fabal &#8211; Portugal<\/p>\n<p>Tel. 265 548 820<\/p>\n<p>&nbsp;<\/p>\n<p><strong>Local<\/strong><\/p>\n<p>Escola Superior de Ci\u00eancias Empresariais do Instituto Polit\u00e9cnico de Set\u00fabal<\/p>\n<p>Campus do IPS &#8211; Estefanilha<br \/>\n2910-761 | Set\u00fabal &#8211; Portugal<\/p>\n<p>Coordenadas GPS: 38\u00b031&#8217;21.4&#8243;N; 8\u00b050&#8217;28.5&#8243;W<\/p>\n<p>&nbsp;<\/p>\n<p><strong><u><a href=\"https:\/\/www.google.com\/maps\/place\/Instituto+Polit%C3%A9cnico+de+Set%C3%BAbal\/@38.522082,-8.838784,16z\/data=!4m5!3m4!1s0x0:0xa0df10aa0caa2efa!8m2!3d38.522082!4d-8.838784?hl=pt-BR\" target=\"_blank\" rel=\"noopener\">Mapa com os locais do congresso <\/a><\/u><\/strong><\/p>\n<p>&nbsp;<\/p>\n<p><strong>Registo<\/strong><\/p>\n<p>O registo ser\u00e1 efetuado no \u00e1trio da Escola Superior de Ci\u00eancias Empresariais do Instituto Polit\u00e9cnico de Set\u00fabal.<\/p>\n<ul>\n<li>Dia 13 de julho | Das 9:00 \u00e0s 12:00 e das 14:00 \u00e0s 16:00<\/li>\n<li>Dia 14 de julho | Das 8:30 \u00e0s 10:30<\/li>\n<\/ul>\n<p>&nbsp;<\/p>\n<p><strong>Apresenta\u00e7\u00f5es<\/strong><\/p>\n<p>As apresenta\u00e7\u00f5es orais dever\u00e3o ser em l\u00edngua portuguesa e ter a dura\u00e7\u00e3o de 10 minutos (seguidos de 5 minutos para discuss\u00e3o).<\/p>\n<p>Equipamento dispon\u00edvel: Computador, projetor, internet (<em>Eduroam<\/em>).<\/p>\n<p>Recomenda-se que os ficheiros com as apresenta\u00e7\u00f5es sejam gravadas numa pen e que as mesmas sejam entregues ao moderador da sess\u00e3o imediatamente antes do respetivo in\u00edcio.<\/p>\n<p>Nas apresenta\u00e7\u00f5es deve ser utilizado o <em>template<\/em> definido pela organiza\u00e7\u00e3o e tentar n\u00e3o exceder mais do que 10\u00a0<em>slides<\/em><\/p>\n<p><a href=\"http:\/\/cnappes.org\/cnappes-2017\/files\/2014\/03\/powerpoint_no_site.zip\" target=\"_blank\" rel=\"noopener\"><em>Template<\/em> das apresenta\u00e7\u00f5es.<\/a><\/p>\n<p>&nbsp;<\/p>\n<p>&nbsp;<\/p>\n<p><strong>Almo\u00e7os e pausas para caf\u00e9<\/strong><\/p>\n<p>A taxa de inscri\u00e7\u00e3o inclui a assist\u00eancia ao congresso, o almo\u00e7o e os <em>coffee breaks<\/em>, para al\u00e9m do acesso a material informativo. Os <em>coffee breaks<\/em> decorrer\u00e3o no \u00c1trio da ESCE \/ IPS. O almo\u00e7o ser\u00e1 servido no Refeit\u00f3rio dos Servi\u00e7os de A\u00e7\u00e3o Social do IPS.<\/p>\n<p>&nbsp;<\/p>\n<p><strong>Alojamento<\/strong><\/p>\n<p>Para quem necessitar de alojamento, a cidade de Set\u00fabal disp\u00f5e de uma oferta hoteleira diversificada.<\/p>\n<p>O <em>campus<\/em> do IPS dista cerca de 7 Km do centro da cidade de Set\u00fabal (15 minutos de carro).<\/p>\n<p>&nbsp;<\/p>\n<p><strong>Estacionamento<\/strong><\/p>\n<p>No interior do <em>campus<\/em> do IPS.<\/p>\n<p>&nbsp;<\/p>\n<p><strong>Transportes p\u00fablicos:<\/strong><\/p>\n<p>Do centro de Set\u00fabal:<\/p>\n<p>CP (linha do Sado) da esta\u00e7\u00e3o de Set\u00fabal ou \u201cQuebedo\u201d at\u00e9 Esta\u00e7\u00e3o \u201cPraias do Sado A\u201d<\/p>\n<p>Transportes Sul do Tejo (TST): carreiras 780 ou 781<\/p>\n<p>De Lisboa:<\/p>\n<p>Fertagus at\u00e9 Set\u00fabal e CP (linha do Sado) at\u00e9 esta\u00e7\u00e3o \u201cPraias do Sado A\u201d<\/p>\n<p>Rede Expressos at\u00e9 Set\u00fabal e CP (linha do Sado) at\u00e9 esta\u00e7\u00e3o \u201cPraias do Sado A\u201d<\/p>\n<p>Barcos da Soflusa do Terreiro do Pa\u00e7o at\u00e9 ao Barreiro e CP (linha do Sado) at\u00e9 esta\u00e7\u00e3o \u201cPraias do Sado A\u201d<\/p>\n<p><strong>\u00a0<\/strong><\/p>\n<p><strong>Restaurantes na vizinhan\u00e7a<\/strong><\/p>\n<p><strong>\u00a0<\/strong><\/p>\n<table>\n<tbody>\n<tr>\n<td><strong>Bares da ESE\/IPS e da ESCE\/IPS no C\u00e2mpus do IPS<\/strong><\/td>\n<td><\/td>\n<\/tr>\n<tr>\n<td><strong>P\u00e9rola da Mourisca<\/strong><\/p>\n<p>(Petiscos\/Prato do Dia)<\/p>\n<p>Rua da Ba\u00eda do Sado, 9, Mourisca, Set\u00fabal<\/p>\n<p>Tlf: 265 793 689<\/td>\n<td>8 min de carro<\/td>\n<\/tr>\n<tr>\n<td><strong>Pedra de Sal<\/strong><\/p>\n<p>(Peixe Assado)<\/p>\n<p>Rua do Chico Ferrador, n\u00ba 93, Faralh\u00e3o, Set\u00fabal<\/p>\n<p>Tlm: 963 047 197 ou Tlf:\u00a0265 415 267<\/td>\n<td>4 min de carro<\/td>\n<\/tr>\n<tr>\n<td><strong>Churrasquinho do Sado<\/strong><\/p>\n<p>(Peixe Assado)<\/p>\n<p>R. Principal de Praias do Sado , Praias do Sado, Set\u00fabal<\/p>\n<p>Tlm: 968 923 541 ou 912 157 252<\/td>\n<td>6 min de carro<\/p>\n<p>15 min a p\u00e9<\/td>\n<\/tr>\n<tr>\n<td><strong>Mineiro <\/strong><\/p>\n<p>(Buffets\/Prato do Dia)<\/p>\n<p>R. Fernando Motrena n\u00b0 5, Manteigadas, Set\u00fabal<\/p>\n<p>Tlm: 968 571 698 ou Tlf: 265 718 367<\/td>\n<td>7 min de carro<\/td>\n<\/tr>\n<tr>\n<td><strong>O Parque<\/strong><\/p>\n<p>(Petiscos\/Prato do Dia)<\/p>\n<p>Rua Vale de Chaves, n\u00ba 50, Estefanilha, Set\u00fabal<\/p>\n<p>Tlm: 962907962 ou Tlf: 265783968<\/td>\n<td>7 min a p\u00e9<\/td>\n<\/tr>\n<\/tbody>\n<\/table>\n<p>&nbsp;<\/p>\n<p>&nbsp;<\/p>\n","protected":false},"excerpt":{"rendered":"<p>Comiss\u00e3o Organizadora cnappes@gmail.com &nbsp; Organiza\u00e7\u00e3o local Helena Gon\u00e7alves Edif\u00edcio-sede do IPS Campus do IPS &#8211; Estefanilha 2910-761 | Set\u00fabal &#8211; Portugal Tel. 265 548 820 &nbsp; Local Escola Superior de<\/p>\n<div class=\"more-link-container\"> [&hellip;]<\/div>\n<p> <span class=\"more-text\">[+]<\/span><\/p>\n","protected":false},"author":97,"featured_media":0,"parent":0,"menu_order":5,"comment_status":"closed","ping_status":"closed","template":"","meta":{"footnotes":""},"class_list":["post-19","page","type-page","status-publish","hentry"],"_links":{"self":[{"href":"https:\/\/cnappes.org\/cnappes-2017\/wp-json\/wp\/v2\/pages\/19","targetHints":{"allow":["GET"]}}],"collection":[{"href":"https:\/\/cnappes.org\/cnappes-2017\/wp-json\/wp\/v2\/pages"}],"about":[{"href":"https:\/\/cnappes.org\/cnappes-2017\/wp-json\/wp\/v2\/types\/page"}],"author":[{"embeddable":true,"href":"https:\/\/cnappes.org\/cnappes-2017\/wp-json\/wp\/v2\/users\/97"}],"replies":[{"embeddable":true,"href":"https:\/\/cnappes.org\/cnappes-2017\/wp-json\/wp\/v2\/comments?post=19"}],"version-history":[{"count":0,"href":"https:\/\/cnappes.org\/cnappes-2017\/wp-json\/wp\/v2\/pages\/19\/revisions"}],"wp:attachment":[{"href":"https:\/\/cnappes.org\/cnappes-2017\/wp-json\/wp\/v2\/media?parent=19"}],"curies":[{"name":"wp","href":"https:\/\/api.w.org\/{rel}","templated":true}]}}