{"id":16,"date":"2014-03-28T15:12:32","date_gmt":"2014-03-28T15:12:32","guid":{"rendered":"http:\/\/cnappes.org\/?page_id=16"},"modified":"2014-03-28T15:12:32","modified_gmt":"2014-03-28T15:12:32","slug":"organizacao","status":"publish","type":"page","link":"https:\/\/cnappes.org\/cnappes-2017\/organizacao\/","title":{"rendered":"Organiza\u00e7\u00e3o"},"content":{"rendered":"<p><strong>Comiss\u00e3o Organizadora<\/strong><\/p>\n<p>Patr\u00edcia Rosado Pinto | Universidade Nova de Lisboa<\/p>\n<p>Fernando Remi\u00e3o | Universidade do Porto<\/p>\n<p>Jos\u00e9 Fernando Oliveira | Universidade do Porto<\/p>\n<p>Rita Cadima | Instituto Polit\u00e9cnico de Leiria<\/p>\n<p>Lu\u00eds Castro \u00a0 | \u00a0 Universidade de Lisboa<\/p>\n<p>Maria Am\u00e9lia Ferreira | Universidade do Porto<\/p>\n<p>&nbsp;<\/p>\n<p><strong>Comiss\u00e3o Organizadora Local<\/strong><\/p>\n<p>Ana Pessoa\u00a0| Instituto Polit\u00e9cnico de Set\u00fabal<\/p>\n<p>Bill Williams\u00a0| Instituto Polit\u00e9cnico de Set\u00fabal<\/p>\n<p>Carla Pereira\u00a0| Instituto Polit\u00e9cnico de Set\u00fabal<\/p>\n<p>Catarina Delgado\u00a0| Instituto Polit\u00e9cnico de Set\u00fabal<\/p>\n<p>C\u00e9lio Pina\u00a0| Instituto Polit\u00e9cnico de Set\u00fabal<\/p>\n<p>Dulce Coelho\u00a0| Instituto Polit\u00e9cnico de Set\u00fabal<\/p>\n<p>Fernando Almeida | Instituto Polit\u00e9cnico de Set\u00fabal<\/p>\n<p>Jo\u00e3o Cordeiro\u00a0| Instituto Polit\u00e9cnico de Set\u00fabal<\/p>\n<p>Jos\u00e9 Palma\u00a0| Instituto Polit\u00e9cnico de Set\u00fabal<\/p>\n<p>Mariana Pereira\u00a0| Instituto Polit\u00e9cnico de Set\u00fabal<\/p>\n<p>Pedro Neto\u00a0| Instituto Polit\u00e9cnico de Set\u00fabal<\/p>\n<p>&nbsp;<\/p>\n<p><strong>Comiss\u00e3o de Programa<\/strong><\/p>\n<p>Aldo Costa\u00a0 |\u00a0 Universidade da Beira Interior<\/p>\n<p>Alice Bastos\u00a0 |\u00a0 Instituto Polit\u00e9cnico de Viana do Castelo<\/p>\n<p>Ana Paula Silva | Universidade de Tr\u00e1s-os-Montes e Alto Douro<\/p>\n<p>Ant\u00f3nio Ferrari | Universidade de Aveiro<\/p>\n<p>Cristina Loureiro | Instituto Polit\u00e9cnico de Lisboa<\/p>\n<p>Cust\u00f3dia Drumond | Universidade da Madeira<\/p>\n<p>Domingos Fernandes | Universidade de Lisboa<\/p>\n<p>Fernando Remi\u00e3o | Universidade do Porto<\/p>\n<p>Fl\u00e1via Vieira | Universidade do Minho<\/p>\n<p>Gl\u00f3ria de Bastos\u00a0| Universidade Aberta<\/p>\n<p>Helena Pimentel | Instituto Polit\u00e9cnico de Bragan\u00e7a<\/p>\n<p>Jo\u00e3o Vinagre | Instituto Polit\u00e9cnico de Set\u00fabal<\/p>\n<p>Jos\u00e9 Fernando Oliveira | Universidade do Porto<\/p>\n<p>Leandro Almeida | Universidade do Minho<\/p>\n<p>Lu\u00eds Castro\u00a0\u00a0 |\u00a0\u00a0 Universidade de Lisboa<\/p>\n<p>Lu\u00eds Tinoca | Universidade de Lisboa<\/p>\n<p>Madalena Alarc\u00e3o | Universidade de Coimbra<\/p>\n<p>Maria Am\u00e9lia Ferreira | Universidade do Porto<\/p>\n<p>Maria C\u00e9u Carrageta | Escola Superior de Enfermagem de Coimbra<\/p>\n<p>Maria Jo\u00e3o Cardona\u00a0 |\u00a0 Instituto Polit\u00e9cnico de Santar\u00e9m<\/p>\n<p>Mariana Valente\u00a0 |\u00a0 Universidade de \u00c9vora<\/p>\n<p>Patr\u00edcia Rosado Pinto | Universidade Nova de Lisboa<\/p>\n<p>Paula Peres\u00a0 |\u00a0 Instituto Polit\u00e9cnico do Porto<\/p>\n<p>Pedro Card\u00e3o | Instituto Polit\u00e9cnico da Guarda<\/p>\n<p>Rita Cadima | Instituto Polit\u00e9cnico de Leiria<\/p>\n<p>Susana Carvalhosa | ISCTE<\/p>\n<p>Susana Gon\u00e7alves | Instituto Polit\u00e9cnico de Coimbra<\/p>\n<p>&nbsp;<\/p>\n<p>&nbsp;<\/p>\n<p><strong>Patroc\u00ednio<\/strong><\/p>\n<p><a href=\"http:\/\/cnappes.org\/cnappes-2017\/files\/2014\/03\/logo_sees.png\"><img loading=\"lazy\" decoding=\"async\" class=\"alignnone size-medium wp-image-69\" src=\"http:\/\/cnappes.org\/cnappes-2017\/files\/2014\/03\/logo_sees-300x66.png\" alt=\"logo_sees\" width=\"300\" height=\"66\" \/><\/a><a href=\"http:\/\/cnappes.org\/cnappes-2017\/files\/2014\/03\/logo-DGES.jpg\"><img loading=\"lazy\" decoding=\"async\" class=\"alignnone wp-image-70\" src=\"http:\/\/cnappes.org\/cnappes-2017\/files\/2014\/03\/logo-DGES-300x120.jpg\" alt=\"logo DGES\" width=\"168\" height=\"67\" srcset=\"https:\/\/cnappes.org\/cnappes-2017\/files\/2014\/03\/logo-DGES-300x120.jpg 300w, https:\/\/cnappes.org\/cnappes-2017\/files\/2014\/03\/logo-DGES.jpg 355w\" sizes=\"auto, (max-width: 168px) 100vw, 168px\" \/><\/a><\/p>\n<p>&nbsp;<\/p>\n<p><strong>Parceiros<\/strong><\/p>\n<p><a href=\"http:\/\/cnappes.org\/cnappes-2017\/files\/2014\/03\/logo_ipl_horiz.jpg\"><img loading=\"lazy\" decoding=\"async\" class=\"alignnone size-full wp-image-213\" src=\"http:\/\/cnappes.org\/cnappes-2017\/files\/2014\/03\/ulisboa.png\" alt=\"ulisboa\" width=\"251\" height=\"56\" \/><\/a>\u00a0 \u00a0 \u00a0 \u00a0 \u00a0<a href=\"http:\/\/cnappes.org\/cnappes-2017\/files\/2014\/03\/logo_ipl_horiz.jpg\"><img loading=\"lazy\" decoding=\"async\" class=\"alignnone size-full wp-image-456\" src=\"http:\/\/cnappes.org\/cnappes-2017\/files\/2014\/03\/logo_ipl_header_mini.png\" alt=\"logo_ipl_header_mini\" width=\"191\" height=\"59\" \/><\/a><\/p>\n<p><a href=\"http:\/\/cnappes.org\/cnappes-2017\/files\/2014\/03\/logo_ipl_horiz.jpg\">\u00a0 \u00a0\u00a0<img loading=\"lazy\" decoding=\"async\" class=\"alignnone wp-image-206\" src=\"http:\/\/cnappes.org\/cnappes-2017\/files\/2014\/03\/uporto-300x65.png\" alt=\"uporto\" width=\"217\" height=\"47\" srcset=\"https:\/\/cnappes.org\/cnappes-2017\/files\/2014\/03\/uporto-300x65.png 300w, https:\/\/cnappes.org\/cnappes-2017\/files\/2014\/03\/uporto.png 482w\" sizes=\"auto, (max-width: 217px) 100vw, 217px\" \/><\/a>\u00a0 \u00a0 \u00a0 \u00a0 \u00a0 \u00a0\u00a0<a href=\"http:\/\/cnappes.org\/cnappes-2017\/files\/2014\/03\/ipsantarem.jpg\"><img loading=\"lazy\" decoding=\"async\" class=\"alignnone wp-image-205\" src=\"http:\/\/cnappes.org\/cnappes-2017\/files\/2014\/03\/unovalisboa.png\" alt=\"unovalisboa\" width=\"206\" height=\"70\" \/><\/a><\/p>\n<p>&nbsp;<\/p>\n<p><a href=\"http:\/\/cnappes.org\/cnappes-2017\/files\/2014\/03\/ipsantarem.jpg\">\u00a0 <\/a>\u00a0<img loading=\"lazy\" decoding=\"async\" class=\"alignnone wp-image-606\" src=\"http:\/\/cnappes.org\/cnappes-2017\/files\/2014\/03\/IPS-S\u00edmbolo25-300x186.jpg\" alt=\"\" width=\"231\" height=\"143\" srcset=\"https:\/\/cnappes.org\/cnappes-2017\/files\/2014\/03\/IPS-S\u00edmbolo25-300x186.jpg 300w, https:\/\/cnappes.org\/cnappes-2017\/files\/2014\/03\/IPS-S\u00edmbolo25.jpg 576w\" sizes=\"auto, (max-width: 231px) 100vw, 231px\" \/><\/p>\n<p>&nbsp;<\/p>\n<p>&nbsp;<\/p>\n<p>&nbsp;<\/p>\n<p>&nbsp;<\/p>\n<p>&nbsp;<\/p>\n","protected":false},"excerpt":{"rendered":"<p>Comiss\u00e3o Organizadora Patr\u00edcia Rosado Pinto | Universidade Nova de Lisboa Fernando Remi\u00e3o | Universidade do Porto Jos\u00e9 Fernando Oliveira | Universidade do Porto Rita Cadima | Instituto Polit\u00e9cnico de Leiria<\/p>\n<div class=\"more-link-container\"> [&hellip;]<\/div>\n<p> <span class=\"more-text\">[+]<\/span><\/p>\n","protected":false},"author":97,"featured_media":0,"parent":0,"menu_order":4,"comment_status":"closed","ping_status":"closed","template":"","meta":{"footnotes":""},"class_list":["post-16","page","type-page","status-publish","hentry"],"_links":{"self":[{"href":"https:\/\/cnappes.org\/cnappes-2017\/wp-json\/wp\/v2\/pages\/16","targetHints":{"allow":["GET"]}}],"collection":[{"href":"https:\/\/cnappes.org\/cnappes-2017\/wp-json\/wp\/v2\/pages"}],"about":[{"href":"https:\/\/cnappes.org\/cnappes-2017\/wp-json\/wp\/v2\/types\/page"}],"author":[{"embeddable":true,"href":"https:\/\/cnappes.org\/cnappes-2017\/wp-json\/wp\/v2\/users\/97"}],"replies":[{"embeddable":true,"href":"https:\/\/cnappes.org\/cnappes-2017\/wp-json\/wp\/v2\/comments?post=16"}],"version-history":[{"count":0,"href":"https:\/\/cnappes.org\/cnappes-2017\/wp-json\/wp\/v2\/pages\/16\/revisions"}],"wp:attachment":[{"href":"https:\/\/cnappes.org\/cnappes-2017\/wp-json\/wp\/v2\/media?parent=16"}],"curies":[{"name":"wp","href":"https:\/\/api.w.org\/{rel}","templated":true}]}}