{"id":10,"date":"2014-03-28T15:12:05","date_gmt":"2014-03-28T15:12:05","guid":{"rendered":"http:\/\/cnappes.org\/?page_id=10"},"modified":"2018-06-19T10:07:04","modified_gmt":"2018-06-19T10:07:04","slug":"programa","status":"publish","type":"page","link":"https:\/\/cnappes.org\/cnappes-2017\/programa\/","title":{"rendered":"Programa"},"content":{"rendered":"<p>&nbsp;<\/p>\n<p><strong><a href=\"http:\/\/cnappes.org\/cnappes-2017\/files\/2014\/03\/cnappes-2017-booklet.pdf\">LIVRO CNaPPES 2017\u00a0(livro\u00a0de\u00a0resumos)<\/a><\/strong><\/p>\n<p>&nbsp;<\/p>\n<h5><strong><a href=\"http:\/\/cnappes.org\/cnappes-2017\/files\/2018\/06\/Livro_Atas_CNaPPES_2017.pdf\">Livro Atas CNaPPES_2017\u00a0(livro\u00a0de\u00a0artigos\u00a0selecionados)<\/a><\/strong><\/h5>\n<p>&nbsp;<\/p>\n<p>&nbsp;<\/p>\n<h5 style=\"color: #322f31;\"><strong>Programa CNaPPES 2017\u00a0<\/strong><\/h5>\n<p><strong>Quinta-feira, 13 de julho<\/strong><\/p>\n<p>09:30 | Rece\u00e7\u00e3o dos participantes<\/p>\n<p>11:00 \u2013 13:00 | Workshops<\/p>\n<p>13:00 \u2013 14:30 | Pausa para almo\u00e7o<\/p>\n<p>14:30 \u2013 15:00 | Sess\u00e3o de Abertura<\/p>\n<p>15:00 \u2013 16:00 | Palestra Plen\u00e1ria<\/p>\n<p style=\"padding-left: 30px;\">A Miss\u00e3o Ensino no Ensino Superior Portugu\u00eas de in\u00edcios do s\u00e9culo XXI &#8211; Desafios Globais, Pol\u00edticas Nacionais e Respostas Institucionais<\/p>\n<p style=\"padding-left: 30px;\">Pedro Teixeira, Universidade do Porto<\/p>\n<p style=\"padding-left: 30px;\">Moderador: Patr\u00edcia Rosado Pinto<\/p>\n<p>16:00 \u2013 16:30 | Pausa para caf\u00e9<\/p>\n<p>16:30 \u2013 17:30 | Sess\u00f5es Paralelas I<\/p>\n<p>17:30 \u2013 18:30 | Sess\u00f5es Paralelas II<\/p>\n<p>19:00 | Moscatel de Honra<\/p>\n<p>&nbsp;<\/p>\n<p><strong>Sexta-feira, 14 de julho<\/strong><\/p>\n<p>9:00 \u2013 10:00 | Sess\u00f5es Paralelas III<\/p>\n<p>10:00 \u2013 11:00 | Sess\u00f5es Paralelas IV<\/p>\n<p>11:00 \u2013 11:30 | Pausa para caf\u00e9<\/p>\n<p>11:30 \u2013 12:30 | Sess\u00f5es Paralelas V<\/p>\n<p>12:30 \u2013 14:00 | Pausa para almo\u00e7o<\/p>\n<p>14:00 \u2013 15:00 | Palestra Plen\u00e1ria<\/p>\n<p style=\"padding-left: 30px;\">C\u00f3mo el modelo de aprendizaje inverso (flipped learning) favorece el aprendizaje activo y la ense\u00f1anza funcional<\/p>\n<p style=\"padding-left: 30px;\">Alfredo Prieto Mart\u00edn, Universidad de Alcal\u00e1<\/p>\n<p style=\"padding-left: 30px;\">Moderador: Fernando Remi\u00e3o, Universidade do Porto<\/p>\n<p>15:00 \u2013 16:00 | Sess\u00f5es Paralelas VI<\/p>\n<p>16:00 \u2013 17:00 | Sess\u00f5es Paralelas VII<\/p>\n<p>&nbsp;<\/p>\n<p>&nbsp;<\/p>\n<p><strong>Workshops<\/strong><\/p>\n<p>Os participantes inscritos no CNaPPES podem participar sem qualquer encargo adicional num dos workshops oferecidos na manh\u00e3 de dia 13 de julho (11:00 \u2013 13:00).<\/p>\n<p>As inscri\u00e7\u00f5es, limitadas aos inscritos no CNaPPES, iniciam no dia 1 de julho.<\/p>\n<p>Workshop 1<\/p>\n<p style=\"padding-left: 30px;\">Portef\u00f3lios digitais: perspetivas dos estudantes e experimenta\u00e7\u00e3o.<\/p>\n<p style=\"padding-left: 30px;\">Maria do Ros\u00e1rio Rodrigues, Ana Lu\u00edsa Oliveira Pires e Ana Maria Pessoa (Polit\u00e9cnico de Set\u00fabal)<\/p>\n<p>Workshop 2<\/p>\n<p style=\"padding-left: 30px;\">Gradua\u00e7\u00e3o em trabalhos de grupo com recurso a ferramenta online automatizada<\/p>\n<p style=\"padding-left: 30px;\">Pedro Neto e Bill Williams<\/p>\n<p>Workshop 3<\/p>\n<p style=\"padding-left: 30px;\">Active learning \u2013 metodologias ativas em sala de aula.<\/p>\n<p style=\"padding-left: 30px;\">Sofia S\u00e1 (Instituto Superior T\u00e9cnico)<\/p>\n<p>Workshop 4<\/p>\n<p style=\"padding-left: 30px;\">Uso criativo de ferramentas web para a aprendizagem no Ensino Superior.<\/p>\n<p style=\"padding-left: 30px;\">Carina Rodrigues e Sandro Costa (Polit\u00e9cnico de Leiria)<\/p>\n<p>Workshop 5<\/p>\n<p style=\"padding-left: 30px;\">Supervis\u00e3o e Orienta\u00e7\u00e3o de Teses.<\/p>\n<p style=\"padding-left: 30px;\">Jorge Ramos do \u00d3 (Instituto de Educa\u00e7\u00e3o da Universidade de Lisboa)<\/p>\n<p>Workshop 6<\/p>\n<p style=\"padding-left: 30px;\">Formula\u00e7\u00e3o de objetivos de aprendizagem.<\/p>\n<p style=\"padding-left: 30px;\">Lu\u00eds Tinoca e Marta Almeida (Instituto de Educa\u00e7\u00e3o da Universidade de Lisboa)<\/p>\n<p>&nbsp;<\/p>\n<p>&nbsp;<\/p>\n<p><strong>Palestras plen\u00e1rias<\/strong><\/p>\n<p>A Miss\u00e3o Ensino no Ensino Superior Portugu\u00eas de in\u00edcios do s\u00e9culo XX &#8211; Desafios Globais, Pol\u00edticas Nacionais e Respostas Institucionais<\/p>\n<p>Pedro Nuno Teixeira<\/p>\n<p style=\"padding-left: 30px;\">Professor Associado da FEP-UP, Vice-Reitor da U. Porto e Diretor do CIPES \u2013 Centro de Investiga\u00e7\u00e3o de Pol\u00edticas do Ensino Superior. Consultor para o Ensino Superior e Ci\u00eancia da Casa Civil &#8211; Presid\u00eancia da Rep\u00fablica. Membro do CNE \u2013 Conselho Nacional da Educa\u00e7\u00e3o e do Conselho de Educa\u00e7\u00e3o da Funda\u00e7\u00e3o Francisco Manuel dos Santos. Secret\u00e1rio-Geral do CHER \u2013 Consortium of Higher Education Researchers. As principais \u00e1reas de investiga\u00e7\u00e3o e de ensino s\u00e3o a economia do ensino superior e a hist\u00f3ria do pensamento econ\u00f3mico.<\/p>\n<p>&nbsp;<\/p>\n<p>C\u00f3mo el modelo de aprendizaje inverso (flipped learning) favorece el aprendizaje activo y la ense\u00f1anza funcional<\/p>\n<p>Alfredo Prieto Mart\u00edn<\/p>\n<p style=\"padding-left: 30px;\">Profesor Contratado doctor de inmunolog\u00eda en la Universidad de Alcal\u00e1. Premio investigador joven de la universidad de Alcal\u00e1 del a\u00f1o 2000. Premio innovaci\u00f3n docente de la misma universidad en 2014. Ha participado como Profesor en los programas de formaci\u00f3n del profesorado de 26 universidades espa\u00f1olas.<\/p>\n<p>&nbsp;<\/p>\n<p>&nbsp;<\/p>\n","protected":false},"excerpt":{"rendered":"<p>&nbsp; LIVRO CNaPPES 2017\u00a0(livro\u00a0de\u00a0resumos) &nbsp; Livro Atas CNaPPES_2017\u00a0(livro\u00a0de\u00a0artigos\u00a0selecionados) &nbsp; &nbsp; Programa CNaPPES 2017\u00a0 Quinta-feira, 13 de julho 09:30 | Rece\u00e7\u00e3o dos participantes 11:00 \u2013 13:00 | Workshops 13:00 \u2013 14:30<\/p>\n<div class=\"more-link-container\"> [&hellip;]<\/div>\n<p> <span class=\"more-text\">[+]<\/span><\/p>\n","protected":false},"author":97,"featured_media":0,"parent":0,"menu_order":2,"comment_status":"closed","ping_status":"closed","template":"","meta":{"footnotes":""},"class_list":["post-10","page","type-page","status-publish","hentry"],"_links":{"self":[{"href":"https:\/\/cnappes.org\/cnappes-2017\/wp-json\/wp\/v2\/pages\/10","targetHints":{"allow":["GET"]}}],"collection":[{"href":"https:\/\/cnappes.org\/cnappes-2017\/wp-json\/wp\/v2\/pages"}],"about":[{"href":"https:\/\/cnappes.org\/cnappes-2017\/wp-json\/wp\/v2\/types\/page"}],"author":[{"embeddable":true,"href":"https:\/\/cnappes.org\/cnappes-2017\/wp-json\/wp\/v2\/users\/97"}],"replies":[{"embeddable":true,"href":"https:\/\/cnappes.org\/cnappes-2017\/wp-json\/wp\/v2\/comments?post=10"}],"version-history":[{"count":2,"href":"https:\/\/cnappes.org\/cnappes-2017\/wp-json\/wp\/v2\/pages\/10\/revisions"}],"predecessor-version":[{"id":667,"href":"https:\/\/cnappes.org\/cnappes-2017\/wp-json\/wp\/v2\/pages\/10\/revisions\/667"}],"wp:attachment":[{"href":"https:\/\/cnappes.org\/cnappes-2017\/wp-json\/wp\/v2\/media?parent=10"}],"curies":[{"name":"wp","href":"https:\/\/api.w.org\/{rel}","templated":true}]}}