{"id":371,"date":"2014-03-28T15:11:53","date_gmt":"2014-03-28T15:11:53","guid":{"rendered":"http:\/\/cnappes.org\/?page_id=7"},"modified":"2022-01-14T09:29:16","modified_gmt":"2022-01-14T09:29:16","slug":"home","status":"publish","type":"page","link":"https:\/\/cnappes.org\/cnappes-2015\/","title":{"rendered":"Home"},"content":{"rendered":"\n<div class=\"wp-block-columns is-layout-flex wp-container-core-columns-is-layout-1 wp-block-columns-is-layout-flex\">\n<div class=\"wp-block-column is-layout-flow wp-block-column-is-layout-flow\">\n<h2 class=\"has-text-align-center has-medium-font-size wp-block-heading\"><strong>DATA<\/strong><\/h2>\n\n\n\n<div class=\"wp-block-image\"><figure class=\"aligncenter size-large\"><a href=\"https:\/\/cnappes.org\/cnappes-2015\/files\/2022\/01\/icones_2015-02.png\"><img loading=\"lazy\" decoding=\"async\" width=\"81\" height=\"81\" src=\"https:\/\/cnappes.org\/cnappes-2015\/files\/2022\/01\/icones_2015-02.png\" alt=\"\" class=\"wp-image-404\" \/><\/a><\/figure><\/div>\n\n\n\n<p class=\"has-text-align-center\"><strong>3 de julho de 2015<\/strong><\/p>\n<\/div>\n\n\n\n<div class=\"wp-block-column is-layout-flow wp-block-column-is-layout-flow\">\n<h2 class=\"has-text-align-center has-medium-font-size wp-block-heading\"><strong>LOCAL<\/strong><\/h2>\n\n\n\n<div class=\"wp-block-image\"><figure class=\"aligncenter size-large\"><a href=\"https:\/\/cnappes.org\/cnappes-2015\/files\/2022\/01\/icones_2015-03.png\"><img loading=\"lazy\" decoding=\"async\" width=\"81\" height=\"81\" src=\"https:\/\/cnappes.org\/cnappes-2015\/files\/2022\/01\/icones_2015-03.png\" alt=\"\" class=\"wp-image-405\" \/><\/a><\/figure><\/div>\n\n\n\n<p class=\"has-text-align-center\"><strong>Polit\u00e9cnico de Leiria<\/strong><\/p>\n<\/div>\n<\/div>\n\n\n<div style=\"padding: 20px 0\">\n<h2 style=\"font-weight: bold;font-size: 3em;text-align: center\">CNaPPES<\/h2>\n<div style=\"float: left;width: 48%;padding: 20px 10px 10px\">As mudan\u00e7as radicais ocorridas nas sociedades contempor\u00e2neas obrigaram, no que ao ensino superior diz respeito, a repensar muitos dos seus objetivos e estrat\u00e9gias. Por outro lado, o desenvolvimento do Processo de Bolonha trouxe consigo necessidades de adapta\u00e7\u00e3o e de ajuste que constitu\u00edram grandes desafios para docentes e estudantes. As institui\u00e7\u00f5es de ensino superior, concretamente as portuguesas, procuraram dar resposta a estes desafios, nomeadamente atrav\u00e9s da introdu\u00e7\u00e3o de pr\u00e1ticas pedag\u00f3gicas inovadoras. Muitos destes exemplos t\u00eam vindo a ser descritos e sistematizados.\u00a0Por\u00e9m, e no que concerne \u00e0 sua divulga\u00e7\u00e3o, as iniciativas ainda n\u00e3o atingiram a dissemina\u00e7\u00e3o nacional desejada, n\u00e3o explorando, em profundidade, as potencialidades de uma fertiliza\u00e7\u00e3o cruzada entre \u00e1reas cient\u00edficas e\/ou geogr\u00e1ficas.<\/div>\n<div style=\"width 50%;margin-left: 52%;padding: 20px 10px 10px\">Pretende-se dar continuidade a\u00a0esta iniciativa que visa valorizar e promover a excel\u00eancia pedag\u00f3gica no ensino superior (universit\u00e1rio e polit\u00e9cnico) e contribuir para a melhoria dos processos de ensino e de aprendizagem, atrav\u00e9s da partilha e dissemina\u00e7\u00e3o de boas pr\u00e1ticas e de aprendizagem com os pares. Procura-se enfatizar a ideia de que mais do que uma abordagem te\u00f3rica, conceptual e prescritiva, se pretende partilhar o que funcionou bem e mal em contexto real de pr\u00e1tica pedag\u00f3gica.<\/div>\n<div style=\"width 50%;margin-left: 52%;padding: 20px 10px 10px\">Com o patroc\u00ednio da Secretaria de Estado do Ensino Superior.<\/div>\n<div class=\"clearer\">\u00a0<\/div>\n<\/div>","protected":false},"excerpt":{"rendered":"<p>DATA 3 de julho de 2015 LOCAL Polit\u00e9cnico de Leiria CNaPPES As mudan\u00e7as radicais ocorridas nas sociedades contempor\u00e2neas obrigaram, no que ao ensino superior diz respeito, a repensar muitos dos<\/p>\n<div class=\"more-link-container\"> [&hellip;]<\/div>\n<p> <span class=\"more-text\">[+]<\/span><\/p>\n","protected":false},"author":97,"featured_media":0,"parent":0,"menu_order":1,"comment_status":"closed","ping_status":"closed","template":"","meta":{"footnotes":""},"class_list":["post-371","page","type-page","status-publish","hentry"],"_links":{"self":[{"href":"https:\/\/cnappes.org\/cnappes-2015\/wp-json\/wp\/v2\/pages\/371","targetHints":{"allow":["GET"]}}],"collection":[{"href":"https:\/\/cnappes.org\/cnappes-2015\/wp-json\/wp\/v2\/pages"}],"about":[{"href":"https:\/\/cnappes.org\/cnappes-2015\/wp-json\/wp\/v2\/types\/page"}],"author":[{"embeddable":true,"href":"https:\/\/cnappes.org\/cnappes-2015\/wp-json\/wp\/v2\/users\/97"}],"replies":[{"embeddable":true,"href":"https:\/\/cnappes.org\/cnappes-2015\/wp-json\/wp\/v2\/comments?post=371"}],"version-history":[{"count":3,"href":"https:\/\/cnappes.org\/cnappes-2015\/wp-json\/wp\/v2\/pages\/371\/revisions"}],"predecessor-version":[{"id":403,"href":"https:\/\/cnappes.org\/cnappes-2015\/wp-json\/wp\/v2\/pages\/371\/revisions\/403"}],"wp:attachment":[{"href":"https:\/\/cnappes.org\/cnappes-2015\/wp-json\/wp\/v2\/media?parent=371"}],"curies":[{"name":"wp","href":"https:\/\/api.w.org\/{rel}","templated":true}]}}