{"id":16,"date":"2014-03-28T15:12:32","date_gmt":"2014-03-28T15:12:32","guid":{"rendered":"http:\/\/cnappes.org\/?page_id=16"},"modified":"2016-03-04T12:00:46","modified_gmt":"2016-03-04T12:00:46","slug":"organizacao","status":"publish","type":"page","link":"https:\/\/cnappes.org\/cnappes-2015\/organizacao\/","title":{"rendered":"Organiza\u00e7\u00e3o"},"content":{"rendered":"<p><strong>Comiss\u00e3o Organizadora<\/strong><\/p>\n<p>Patr\u00edcia Rosado Pinto | Universidade Nova de Lisboa<\/p>\n<p>Fernando Remi\u00e3o | Universidade do Porto<\/p>\n<p>Jos\u00e9 Fernando Oliveira | Universidade do Porto<\/p>\n<p>Maria Am\u00e9lia Ferreira | Universidade do Porto<\/p>\n<p>Rita Cadima | Instituto Polit\u00e9cnico de Leiria<\/p>\n<p>Ant\u00f3nio Ferrari | Universidade de Aveiro<\/p>\n<p>Paula Peres \u00a0| \u00a0Instituto Polit\u00e9cnico do Porto<\/p>\n<p>Mariana Valente \u00a0| \u00a0Universidade de \u00c9vora<\/p>\n<p>Alice Bastos \u00a0| \u00a0Instituto Polit\u00e9cnico de Viana do Castelo<\/p>\n<p>Aldo Costa \u00a0| \u00a0Universidade da Beira Interior<\/p>\n<p>Maria Jo\u00e3o Cardona \u00a0| \u00a0Instituto Polit\u00e9cnico de Santar\u00e9m<\/p>\n<p>Lu\u00eds Castro \u00a0 | \u00a0 Universidade de Lisboa<\/p>\n<p>&nbsp;<\/p>\n<p><strong>Patroc\u00ednio<\/strong><\/p>\n<p><a href=\"http:\/\/cnappes.org\/cnappes-2015\/files\/2014\/03\/logo_sees.png\" rel=\"attachment wp-att-69\"><img loading=\"lazy\" decoding=\"async\" class=\"alignnone size-medium wp-image-69\" src=\"http:\/\/cnappes.org\/cnappes-2015\/files\/2014\/03\/logo_sees-300x67.png\" alt=\"logo_sees\" width=\"300\" height=\"67\" srcset=\"https:\/\/cnappes.org\/cnappes-2015\/files\/2014\/03\/logo_sees-300x67.png 300w, https:\/\/cnappes.org\/cnappes-2015\/files\/2014\/03\/logo_sees.png 360w\" sizes=\"auto, (max-width: 300px) 100vw, 300px\" \/><\/a><a href=\"http:\/\/cnappes.org\/cnappes-2015\/files\/2014\/03\/logo-DGES.jpg\"><img loading=\"lazy\" decoding=\"async\" class=\"alignnone wp-image-70\" src=\"http:\/\/cnappes.org\/cnappes-2015\/files\/2014\/03\/logo-DGES-300x120.jpg\" alt=\"logo DGES\" width=\"168\" height=\"67\" srcset=\"https:\/\/cnappes.org\/cnappes-2015\/files\/2014\/03\/logo-DGES-300x120.jpg 300w, https:\/\/cnappes.org\/cnappes-2015\/files\/2014\/03\/logo-DGES.jpg 355w\" sizes=\"auto, (max-width: 168px) 100vw, 168px\" \/><\/a><\/p>\n<p>&nbsp;<\/p>\n<p><strong>Parceiros<\/strong><\/p>\n<p><a href=\"http:\/\/cnappes.org\/cnappes-2015\/files\/2014\/03\/logo_IPL_mini.png\" rel=\"attachment wp-att-383\"><img loading=\"lazy\" decoding=\"async\" class=\"alignnone size-full wp-image-383\" src=\"http:\/\/cnappes.org\/cnappes-2015\/files\/2014\/03\/logo_IPL_mini.png\" alt=\"logo_IPL_mini\" width=\"191\" height=\"59\" \/><\/a><a href=\"http:\/\/cnappes.org\/cnappes-2015\/files\/2014\/03\/logo_ipl_horiz.jpg\">\u00a0 \u00a0\u00a0<img loading=\"lazy\" decoding=\"async\" class=\"alignnone wp-image-206\" src=\"http:\/\/cnappes.org\/cnappes-2015\/files\/2014\/03\/uporto-300x65.png\" alt=\"uporto\" width=\"236\" height=\"51\" srcset=\"https:\/\/cnappes.org\/cnappes-2015\/files\/2014\/03\/uporto-300x65.png 300w, https:\/\/cnappes.org\/cnappes-2015\/files\/2014\/03\/uporto.png 482w\" sizes=\"auto, (max-width: 236px) 100vw, 236px\" \/><\/a>\u00a0 \u00a0 \u00a0 \u00a0 \u00a0 \u00a0\u00a0<a href=\"http:\/\/cnappes.org\/cnappes-2015\/files\/2014\/03\/ipsantarem.jpg\"><img loading=\"lazy\" decoding=\"async\" class=\"alignnone wp-image-205\" src=\"http:\/\/cnappes.org\/cnappes-2015\/files\/2014\/03\/unovalisboa.png\" alt=\"unovalisboa\" width=\"168\" height=\"57\" \/><\/a><\/p>\n<p><a href=\"http:\/\/cnappes.org\/cnappes-2015\/files\/2014\/03\/ipsantarem.jpg\"><img loading=\"lazy\" decoding=\"async\" class=\"alignnone wp-image-203\" src=\"http:\/\/cnappes.org\/cnappes-2015\/files\/2014\/03\/uaveiro-300x112.png\" alt=\"uaveiro\" width=\"209\" height=\"78\" srcset=\"https:\/\/cnappes.org\/cnappes-2015\/files\/2014\/03\/uaveiro-300x112.png 300w, https:\/\/cnappes.org\/cnappes-2015\/files\/2014\/03\/uaveiro.png 367w\" sizes=\"auto, (max-width: 209px) 100vw, 209px\" \/>\u00a0 \u00a0 \u00a0 \u00a0 \u00a0 \u00a0 \u00a0<img loading=\"lazy\" decoding=\"async\" class=\"alignnone wp-image-200\" src=\"http:\/\/cnappes.org\/cnappes-2015\/files\/2014\/03\/ipporto-300x75.jpg\" alt=\"ipporto\" width=\"244\" height=\"61\" srcset=\"https:\/\/cnappes.org\/cnappes-2015\/files\/2014\/03\/ipporto-300x75.jpg 300w, https:\/\/cnappes.org\/cnappes-2015\/files\/2014\/03\/ipporto.jpg 449w\" sizes=\"auto, (max-width: 244px) 100vw, 244px\" \/><\/a>\u00a0 \u00a0 \u00a0 \u00a0 \u00a0 \u00a0 \u00a0 \u00a0 \u00a0\u00a0<a href=\"http:\/\/cnappes.org\/cnappes-2015\/files\/2014\/03\/ipvc.jpg\"><img loading=\"lazy\" decoding=\"async\" class=\"alignnone wp-image-202\" src=\"http:\/\/cnappes.org\/cnappes-2015\/files\/2014\/03\/ipvc.jpg\" alt=\"ipvc\" width=\"160\" height=\"127\" \/><\/a><\/p>\n<p><a href=\"http:\/\/cnappes.org\/cnappes-2015\/files\/2014\/03\/ubi.jpg\"><img loading=\"lazy\" decoding=\"async\" class=\"alignnone wp-image-204\" src=\"http:\/\/cnappes.org\/cnappes-2015\/files\/2014\/03\/ubi-300x131.jpg\" alt=\"ubi\" width=\"236\" height=\"103\" srcset=\"https:\/\/cnappes.org\/cnappes-2015\/files\/2014\/03\/ubi-300x131.jpg 300w, https:\/\/cnappes.org\/cnappes-2015\/files\/2014\/03\/ubi.jpg 340w\" sizes=\"auto, (max-width: 236px) 100vw, 236px\" \/>\u00a0 \u00a0 \u00a0 \u00a0\u00a0<img loading=\"lazy\" decoding=\"async\" class=\"alignnone wp-image-201\" src=\"http:\/\/cnappes.org\/cnappes-2015\/files\/2014\/03\/ipsantarem.jpg\" alt=\"ipsantarem\" width=\"221\" height=\"155\" \/><\/a>\u00a0 \u00a0 \u00a0 \u00a0 \u00a0 \u00a0\u00a0<a href=\"http:\/\/cnappes.org\/cnappes-2015\/files\/2014\/03\/uevora.png\"><img loading=\"lazy\" decoding=\"async\" class=\"alignnone wp-image-207\" src=\"http:\/\/cnappes.org\/cnappes-2015\/files\/2014\/03\/uevora-300x94.png\" alt=\"uevora\" width=\"255\" height=\"80\" srcset=\"https:\/\/cnappes.org\/cnappes-2015\/files\/2014\/03\/uevora-300x94.png 300w, https:\/\/cnappes.org\/cnappes-2015\/files\/2014\/03\/uevora.png 401w\" sizes=\"auto, (max-width: 255px) 100vw, 255px\" \/><\/a><\/p>\n<p>&nbsp;<\/p>\n<p>&nbsp;<\/p>\n<p><a href=\"http:\/\/cnappes.org\/cnappes-2015\/files\/2014\/03\/ulisboa.png\"><img loading=\"lazy\" decoding=\"async\" class=\"alignnone size-full wp-image-213\" src=\"http:\/\/cnappes.org\/cnappes-2015\/files\/2014\/03\/ulisboa.png\" alt=\"ulisboa\" width=\"251\" height=\"56\" \/><\/a><\/p>\n<p>&nbsp;<\/p>\n","protected":false},"excerpt":{"rendered":"<p>Comiss\u00e3o Organizadora Patr\u00edcia Rosado Pinto | Universidade Nova de Lisboa Fernando Remi\u00e3o | Universidade do Porto Jos\u00e9 Fernando Oliveira | Universidade do Porto Maria Am\u00e9lia Ferreira | Universidade do Porto<\/p>\n<div class=\"more-link-container\"> [&hellip;]<\/div>\n<p> <span class=\"more-text\">[+]<\/span><\/p>\n","protected":false},"author":97,"featured_media":0,"parent":0,"menu_order":4,"comment_status":"closed","ping_status":"closed","template":"","meta":{"footnotes":""},"class_list":["post-16","page","type-page","status-publish","hentry"],"_links":{"self":[{"href":"https:\/\/cnappes.org\/cnappes-2015\/wp-json\/wp\/v2\/pages\/16","targetHints":{"allow":["GET"]}}],"collection":[{"href":"https:\/\/cnappes.org\/cnappes-2015\/wp-json\/wp\/v2\/pages"}],"about":[{"href":"https:\/\/cnappes.org\/cnappes-2015\/wp-json\/wp\/v2\/types\/page"}],"author":[{"embeddable":true,"href":"https:\/\/cnappes.org\/cnappes-2015\/wp-json\/wp\/v2\/users\/97"}],"replies":[{"embeddable":true,"href":"https:\/\/cnappes.org\/cnappes-2015\/wp-json\/wp\/v2\/comments?post=16"}],"version-history":[{"count":2,"href":"https:\/\/cnappes.org\/cnappes-2015\/wp-json\/wp\/v2\/pages\/16\/revisions"}],"predecessor-version":[{"id":385,"href":"https:\/\/cnappes.org\/cnappes-2015\/wp-json\/wp\/v2\/pages\/16\/revisions\/385"}],"wp:attachment":[{"href":"https:\/\/cnappes.org\/cnappes-2015\/wp-json\/wp\/v2\/media?parent=16"}],"curies":[{"name":"wp","href":"https:\/\/api.w.org\/{rel}","templated":true}]}}